{"id":987,"date":"2018-06-07T10:41:25","date_gmt":"2018-06-07T08:41:25","guid":{"rendered":"https:\/\/dev.dernst.net\/?post_type=product&#038;p=987"},"modified":"2018-06-07T10:41:40","modified_gmt":"2018-06-07T08:41:40","slug":"folienschneider-sofiac-ii","status":"publish","type":"product","link":"https:\/\/apollo-herkenrath.de\/en\/product\/folienschneider-sofiac-ii\/","title":{"rendered":"Folienschneider Sofiac II"},"content":{"rendered":"<ul>\n<li>Sicherheitsmesser zum Schneiden von Kunststofffolien und Spannb\u00e4ndern<\/li>\n<li>T\u00dcV-gepr\u00fcft<\/li>\n<li>durch die zus\u00e4tzliche Nase k\u00f6nnen auch Klebeb\u00e4nder aufgerissen werden<\/li>\n<li>best\u00fcckt mit einer Brief\u00f6ffnerklinge Nr. 12-315-041<\/li>\n<li>Klingenwechsel mit Werkzeug<\/li>\n<li>F\u00fcr Rechts- und Linksh\u00e4nder geeignet<\/li>\n<\/ul>","protected":false},"excerpt":{"rendered":"<p>Sicherheitsmesser zum Schneiden von Kunststofffolien und Spannb\u00e4ndern T\u00dcV-gepr\u00fcft durch die zus\u00e4tzliche Nase k\u00f6nnen auch Klebeb\u00e4nder aufgerissen werden best\u00fcckt mit einer Brief\u00f6ffnerklinge Nr. 12-315-041 Klingenwechsel mit Werkzeug F\u00fcr Rechts- und Linksh\u00e4nder geeignet<\/p>","protected":false},"featured_media":988,"template":"","meta":[],"product_brand":[],"product_cat":[208,28],"product_tag":[],"class_list":{"0":"post-987","1":"product","2":"type-product","3":"status-publish","4":"has-post-thumbnail","6":"product_cat-folienschneider","7":"product_cat-produkte","9":"first","10":"instock","11":"shipping-taxable","12":"purchasable","13":"product-type-simple"},"aioseo_notices":[],"_links":{"self":[{"href":"https:\/\/apollo-herkenrath.de\/en\/wp-json\/wp\/v2\/product\/987","targetHints":{"allow":["GET"]}}],"collection":[{"href":"https:\/\/apollo-herkenrath.de\/en\/wp-json\/wp\/v2\/product"}],"about":[{"href":"https:\/\/apollo-herkenrath.de\/en\/wp-json\/wp\/v2\/types\/product"}],"wp:featuredmedia":[{"embeddable":true,"href":"https:\/\/apollo-herkenrath.de\/en\/wp-json\/wp\/v2\/media\/988"}],"wp:attachment":[{"href":"https:\/\/apollo-herkenrath.de\/en\/wp-json\/wp\/v2\/media?parent=987"}],"wp:term":[{"taxonomy":"product_brand","embeddable":true,"href":"https:\/\/apollo-herkenrath.de\/en\/wp-json\/wp\/v2\/product_brand?post=987"},{"taxonomy":"product_cat","embeddable":true,"href":"https:\/\/apollo-herkenrath.de\/en\/wp-json\/wp\/v2\/product_cat?post=987"},{"taxonomy":"product_tag","embeddable":true,"href":"https:\/\/apollo-herkenrath.de\/en\/wp-json\/wp\/v2\/product_tag?post=987"}],"curies":[{"name":"wp","href":"https:\/\/api.w.org\/{rel}","templated":true}]}}