{"id":985,"date":"2018-06-07T10:40:27","date_gmt":"2018-06-07T08:40:27","guid":{"rendered":"https:\/\/dev.dernst.net\/?post_type=product&#038;p=985"},"modified":"2026-03-29T18:04:49","modified_gmt":"2026-03-29T16:04:49","slug":"folienschneider-sofiac-2-ald","status":"publish","type":"product","link":"https:\/\/apollo-herkenrath.de\/en\/product\/folienschneider-sofiac-2-ald\/","title":{"rendered":"Folienschneider Sofiac 2 ALD"},"content":{"rendered":"<ul>\n<li>Sicherheitsmesser zum Schneiden von Kunststofffolien und Spannb\u00e4ndern<\/li>\n<li>GS-gepr\u00fcft<\/li>\n<li>metalldetektierbar, f\u00fcr die Lebensmittelindustrie<\/li>\n<li>durch die zus\u00e4tzliche Nase k\u00f6nnen auch Klebeb\u00e4nder aufgerissen werden<\/li>\n<li>best\u00fcckt mit einer Brief\u00f6ffnerklinge Nr. 12-316-083<\/li>\n<li>Klingenwechsel mit Werkzeug<\/li>\n<li>F\u00fcr Rechts- und Linksh\u00e4nder geeignet<\/li>\n<\/ul>","protected":false},"excerpt":{"rendered":"<p>Sicherheitsmesser zum Schneiden von Kunststofffolien und Spannb\u00e4ndern GS-gepr\u00fcft metalldetektierbar, f\u00fcr die Lebensmittelindustrie durch die zus\u00e4tzliche Nase k\u00f6nnen auch Klebeb\u00e4nder aufgerissen werden best\u00fcckt mit einer Brief\u00f6ffnerklinge Nr. 12-316-083 Klingenwechsel mit Werkzeug F\u00fcr Rechts- und Linksh\u00e4nder geeignet<\/p>","protected":false},"featured_media":2152,"template":"","meta":[],"product_brand":[],"product_cat":[208,209,28],"product_tag":[],"class_list":{"0":"post-985","1":"product","2":"type-product","3":"status-publish","4":"has-post-thumbnail","6":"product_cat-folienschneider","7":"product_cat-messer-aus-detektierbarem-kunststoff","8":"product_cat-produkte","10":"first","11":"instock","12":"shipping-taxable","13":"purchasable","14":"product-type-simple"},"aioseo_notices":[],"_links":{"self":[{"href":"https:\/\/apollo-herkenrath.de\/en\/wp-json\/wp\/v2\/product\/985","targetHints":{"allow":["GET"]}}],"collection":[{"href":"https:\/\/apollo-herkenrath.de\/en\/wp-json\/wp\/v2\/product"}],"about":[{"href":"https:\/\/apollo-herkenrath.de\/en\/wp-json\/wp\/v2\/types\/product"}],"wp:featuredmedia":[{"embeddable":true,"href":"https:\/\/apollo-herkenrath.de\/en\/wp-json\/wp\/v2\/media\/2152"}],"wp:attachment":[{"href":"https:\/\/apollo-herkenrath.de\/en\/wp-json\/wp\/v2\/media?parent=985"}],"wp:term":[{"taxonomy":"product_brand","embeddable":true,"href":"https:\/\/apollo-herkenrath.de\/en\/wp-json\/wp\/v2\/product_brand?post=985"},{"taxonomy":"product_cat","embeddable":true,"href":"https:\/\/apollo-herkenrath.de\/en\/wp-json\/wp\/v2\/product_cat?post=985"},{"taxonomy":"product_tag","embeddable":true,"href":"https:\/\/apollo-herkenrath.de\/en\/wp-json\/wp\/v2\/product_tag?post=985"}],"curies":[{"name":"wp","href":"https:\/\/api.w.org\/{rel}","templated":true}]}}