{"id":972,"date":"2018-06-07T10:31:31","date_gmt":"2018-06-07T08:31:31","guid":{"rendered":"https:\/\/dev.dernst.net\/?post_type=product&#038;p=972"},"modified":"2026-03-29T18:37:29","modified_gmt":"2026-03-29T16:37:29","slug":"folienschneider-carsac-ald","status":"publish","type":"product","link":"https:\/\/apollo-herkenrath.de\/en\/product\/folienschneider-carsac-ald\/","title":{"rendered":"Folienschneider Carsac ALD"},"content":{"rendered":"<ul>\n<li>Sicherheitseinwegmesser zum Schneiden von Folien<\/li>\n<li>metalldetektierbar, f\u00fcr die Lebensmittelindustrie geeignet<\/li>\n<li>seine geringe Dicke im Bereich der Klinge erlaubt das Arbeiten in Spaltma\u00dfen<\/li>\n<li>das massivere Material im oberen Teil sorgt f\u00fcr Stabilit\u00e4t<\/li>\n<li>mit einer rostfreien Klinge<\/li>\n<\/ul>","protected":false},"excerpt":{"rendered":"<p>Sicherheitseinwegmesser zum Schneiden von Folien metalldetektierbar, f\u00fcr die Lebensmittelindustrie geeignet seine geringe Dicke im Bereich der Klinge erlaubt das Arbeiten in Spaltma\u00dfen das massivere Material im oberen Teil sorgt f\u00fcr Stabilit\u00e4t mit einer rostfreien Klinge<\/p>","protected":false},"featured_media":2167,"template":"","meta":[],"product_brand":[],"product_cat":[208,209,28],"product_tag":[],"class_list":{"0":"post-972","1":"product","2":"type-product","3":"status-publish","4":"has-post-thumbnail","6":"product_cat-folienschneider","7":"product_cat-messer-aus-detektierbarem-kunststoff","8":"product_cat-produkte","10":"first","11":"instock","12":"shipping-taxable","13":"purchasable","14":"product-type-simple"},"aioseo_notices":[],"_links":{"self":[{"href":"https:\/\/apollo-herkenrath.de\/en\/wp-json\/wp\/v2\/product\/972","targetHints":{"allow":["GET"]}}],"collection":[{"href":"https:\/\/apollo-herkenrath.de\/en\/wp-json\/wp\/v2\/product"}],"about":[{"href":"https:\/\/apollo-herkenrath.de\/en\/wp-json\/wp\/v2\/types\/product"}],"wp:featuredmedia":[{"embeddable":true,"href":"https:\/\/apollo-herkenrath.de\/en\/wp-json\/wp\/v2\/media\/2167"}],"wp:attachment":[{"href":"https:\/\/apollo-herkenrath.de\/en\/wp-json\/wp\/v2\/media?parent=972"}],"wp:term":[{"taxonomy":"product_brand","embeddable":true,"href":"https:\/\/apollo-herkenrath.de\/en\/wp-json\/wp\/v2\/product_brand?post=972"},{"taxonomy":"product_cat","embeddable":true,"href":"https:\/\/apollo-herkenrath.de\/en\/wp-json\/wp\/v2\/product_cat?post=972"},{"taxonomy":"product_tag","embeddable":true,"href":"https:\/\/apollo-herkenrath.de\/en\/wp-json\/wp\/v2\/product_tag?post=972"}],"curies":[{"name":"wp","href":"https:\/\/api.w.org\/{rel}","templated":true}]}}