{"id":967,"date":"2018-06-07T10:29:35","date_gmt":"2018-06-07T08:29:35","guid":{"rendered":"https:\/\/dev.dernst.net\/?post_type=product&#038;p=967"},"modified":"2026-03-29T18:46:10","modified_gmt":"2026-03-29T16:46:10","slug":"folienschneider-carene","status":"publish","type":"product","link":"https:\/\/apollo-herkenrath.de\/en\/product\/folienschneider-carene\/","title":{"rendered":"Folienschneider Carene"},"content":{"rendered":"<ul>\n<li>Sicherheitseinwegmesser zum Schneiden von Folien und Entfernen von Klebeschutzfolien von Autos<\/li>\n<li>seine geringe Dicke im Bereich der Klinge erlaubt das Arbeiten in Spaltma\u00dfen<\/li>\n<li>das massivere Material im oberen Teil sorgt f\u00fcr Stabilit\u00e4t<\/li>\n<li>Klinge mit Titanbeschichtung<\/li>\n<\/ul>","protected":false},"excerpt":{"rendered":"<p>Sicherheitseinwegmesser zum Schneiden von Folien und Entfernen von Klebeschutzfolien von Autos seine geringe Dicke im Bereich der Klinge erlaubt das Arbeiten in Spaltma\u00dfen das massivere Material im oberen Teil sorgt f\u00fcr Stabilit\u00e4t Klinge mit Titanbeschichtung<\/p>","protected":false},"featured_media":2174,"template":"","meta":[],"product_brand":[],"product_cat":[208,28],"product_tag":[],"class_list":{"0":"post-967","1":"product","2":"type-product","3":"status-publish","4":"has-post-thumbnail","6":"product_cat-folienschneider","7":"product_cat-produkte","9":"first","10":"instock","11":"shipping-taxable","12":"purchasable","13":"product-type-simple"},"aioseo_notices":[],"_links":{"self":[{"href":"https:\/\/apollo-herkenrath.de\/en\/wp-json\/wp\/v2\/product\/967","targetHints":{"allow":["GET"]}}],"collection":[{"href":"https:\/\/apollo-herkenrath.de\/en\/wp-json\/wp\/v2\/product"}],"about":[{"href":"https:\/\/apollo-herkenrath.de\/en\/wp-json\/wp\/v2\/types\/product"}],"wp:featuredmedia":[{"embeddable":true,"href":"https:\/\/apollo-herkenrath.de\/en\/wp-json\/wp\/v2\/media\/2174"}],"wp:attachment":[{"href":"https:\/\/apollo-herkenrath.de\/en\/wp-json\/wp\/v2\/media?parent=967"}],"wp:term":[{"taxonomy":"product_brand","embeddable":true,"href":"https:\/\/apollo-herkenrath.de\/en\/wp-json\/wp\/v2\/product_brand?post=967"},{"taxonomy":"product_cat","embeddable":true,"href":"https:\/\/apollo-herkenrath.de\/en\/wp-json\/wp\/v2\/product_cat?post=967"},{"taxonomy":"product_tag","embeddable":true,"href":"https:\/\/apollo-herkenrath.de\/en\/wp-json\/wp\/v2\/product_tag?post=967"}],"curies":[{"name":"wp","href":"https:\/\/api.w.org\/{rel}","templated":true}]}}