{"id":965,"date":"2018-06-07T10:27:43","date_gmt":"2018-06-07T08:27:43","guid":{"rendered":"https:\/\/dev.dernst.net\/?post_type=product&#038;p=965"},"modified":"2026-03-29T18:50:05","modified_gmt":"2026-03-29T16:50:05","slug":"folienschneider-capucin","status":"publish","type":"product","link":"https:\/\/apollo-herkenrath.de\/en\/product\/folienschneider-capucin\/","title":{"rendered":"Folienschneider Capucin"},"content":{"rendered":"<ul>\n<li>Sicherheitsmesser aus Zamac zum Schneiden von Kunststofffolien und Spannb\u00e4ndern<\/li>\n<li>GS-gepr\u00fcft<\/li>\n<li>durch die zus\u00e4tzliche Nase k\u00f6nnen auch Klebeb\u00e4nder aufgerissen werden<\/li>\n<li>best\u00fcckt mit einer Brief\u00f6ffnerklinge Nr. 12-315-041<\/li>\n<li>f\u00fcr Rechts- und Linksh\u00e4nder geeignet<\/li>\n<\/ul>\n<p class=\"warning-jck\">Vorr\u00e4tig bis Ersch\u00f6pfung des Lagers!<\/p>","protected":false},"excerpt":{"rendered":"<p>Sicherheitsmesser aus Zamac zum Schneiden von Kunststofffolien und Spannb\u00e4ndern GS-gepr\u00fcft durch die zus\u00e4tzliche Nase k\u00f6nnen auch Klebeb\u00e4nder aufgerissen werden best\u00fcckt mit einer Brief\u00f6ffnerklinge Nr. 12-315-041 f\u00fcr Rechts- und Linksh\u00e4nder geeignet Vorr\u00e4tig bis Ersch\u00f6pfung des Lagers!<\/p>","protected":false},"featured_media":2178,"template":"","meta":[],"product_brand":[],"product_cat":[208,28],"product_tag":[],"class_list":{"0":"post-965","1":"product","2":"type-product","3":"status-publish","4":"has-post-thumbnail","6":"product_cat-folienschneider","7":"product_cat-produkte","9":"first","10":"instock","11":"shipping-taxable","12":"purchasable","13":"product-type-simple"},"aioseo_notices":[],"_links":{"self":[{"href":"https:\/\/apollo-herkenrath.de\/en\/wp-json\/wp\/v2\/product\/965","targetHints":{"allow":["GET"]}}],"collection":[{"href":"https:\/\/apollo-herkenrath.de\/en\/wp-json\/wp\/v2\/product"}],"about":[{"href":"https:\/\/apollo-herkenrath.de\/en\/wp-json\/wp\/v2\/types\/product"}],"wp:featuredmedia":[{"embeddable":true,"href":"https:\/\/apollo-herkenrath.de\/en\/wp-json\/wp\/v2\/media\/2178"}],"wp:attachment":[{"href":"https:\/\/apollo-herkenrath.de\/en\/wp-json\/wp\/v2\/media?parent=965"}],"wp:term":[{"taxonomy":"product_brand","embeddable":true,"href":"https:\/\/apollo-herkenrath.de\/en\/wp-json\/wp\/v2\/product_brand?post=965"},{"taxonomy":"product_cat","embeddable":true,"href":"https:\/\/apollo-herkenrath.de\/en\/wp-json\/wp\/v2\/product_cat?post=965"},{"taxonomy":"product_tag","embeddable":true,"href":"https:\/\/apollo-herkenrath.de\/en\/wp-json\/wp\/v2\/product_tag?post=965"}],"curies":[{"name":"wp","href":"https:\/\/api.w.org\/{rel}","templated":true}]}}