{"id":939,"date":"2018-05-31T12:52:13","date_gmt":"2018-05-31T10:52:13","guid":{"rendered":"https:\/\/dev.dernst.net\/?post_type=product&#038;p=939"},"modified":"2026-03-29T18:55:28","modified_gmt":"2026-03-29T16:55:28","slug":"folienschneider-bordeaux","status":"publish","type":"product","link":"https:\/\/apollo-herkenrath.de\/en\/product\/folienschneider-bordeaux\/","title":{"rendered":"Folienschneider Bordeaux"},"content":{"rendered":"<ul>\n<li>Sicherheitsmesser zum Schneiden von Kunststofffolien und Spannb\u00e4ndern<\/li>\n<li>T\u00dcV-gepr\u00fcft<\/li>\n<li>best\u00fcckt mit einer Dreiloch-Geradkopf-Klinge Nr. 08-230-048<\/li>\n<li>Klingenwechsel ohne Werkzeug<\/li>\n<li>f\u00fcr Rechts- und Linksh\u00e4nder geeignet<\/li>\n<\/ul>","protected":false},"excerpt":{"rendered":"<p>Sicherheitsmesser zum Schneiden von Kunststofffolien und Spannb\u00e4ndern T\u00dcV-gepr\u00fcft best\u00fcckt mit einer Dreiloch-Geradkopf-Klinge Nr. 08-230-048 Klingenwechsel ohne Werkzeug f\u00fcr Rechts- und Linksh\u00e4nder geeignet<\/p>","protected":false},"featured_media":2181,"template":"","meta":[],"product_brand":[],"product_cat":[208,28],"product_tag":[],"class_list":{"0":"post-939","1":"product","2":"type-product","3":"status-publish","4":"has-post-thumbnail","6":"product_cat-folienschneider","7":"product_cat-produkte","9":"first","10":"instock","11":"shipping-taxable","12":"purchasable","13":"product-type-simple"},"aioseo_notices":[],"_links":{"self":[{"href":"https:\/\/apollo-herkenrath.de\/en\/wp-json\/wp\/v2\/product\/939","targetHints":{"allow":["GET"]}}],"collection":[{"href":"https:\/\/apollo-herkenrath.de\/en\/wp-json\/wp\/v2\/product"}],"about":[{"href":"https:\/\/apollo-herkenrath.de\/en\/wp-json\/wp\/v2\/types\/product"}],"wp:featuredmedia":[{"embeddable":true,"href":"https:\/\/apollo-herkenrath.de\/en\/wp-json\/wp\/v2\/media\/2181"}],"wp:attachment":[{"href":"https:\/\/apollo-herkenrath.de\/en\/wp-json\/wp\/v2\/media?parent=939"}],"wp:term":[{"taxonomy":"product_brand","embeddable":true,"href":"https:\/\/apollo-herkenrath.de\/en\/wp-json\/wp\/v2\/product_brand?post=939"},{"taxonomy":"product_cat","embeddable":true,"href":"https:\/\/apollo-herkenrath.de\/en\/wp-json\/wp\/v2\/product_cat?post=939"},{"taxonomy":"product_tag","embeddable":true,"href":"https:\/\/apollo-herkenrath.de\/en\/wp-json\/wp\/v2\/product_tag?post=939"}],"curies":[{"name":"wp","href":"https:\/\/api.w.org\/{rel}","templated":true}]}}