{"id":931,"date":"2018-05-31T12:42:46","date_gmt":"2018-05-31T10:42:46","guid":{"rendered":"https:\/\/dev.dernst.net\/?post_type=product&#038;p=931"},"modified":"2026-03-14T18:14:50","modified_gmt":"2026-03-14T17:14:50","slug":"sicherheitsmesser-merlot","status":"publish","type":"product","link":"https:\/\/apollo-herkenrath.de\/en\/product\/sicherheitsmesser-merlot\/","title":{"rendered":"Sicherheitsmesser Merlot 2"},"content":{"rendered":"<ul>\n<li>Sicherheitsmesser mit drei Funktionen<\/li>\n<li>auf der einen Seite mit einziehbarer Klinge, auf der anderen Seite zum Schneiden von Folien und<br \/>\nB\u00e4ndern, durch die zus\u00e4tzliche Nase k\u00f6nnen Klebeb\u00e4nder aufgerissen werden<\/li>\n<\/ul>\n<ul>\n<li>best\u00fcckt mit einer Brief\u00f6ffnerklinge Nr. 12-315-041 und einer Trapezklinge Nr.06-048-041<\/li>\n<li>Klingenwechsel ohne Werkzeug<\/li>\n<li>F\u00fcr Rechts- und Linksh\u00e4nder geeignet<\/li>\n<\/ul>","protected":false},"excerpt":{"rendered":"<p>Sicherheitsmesser mit drei Funktionen auf der einen Seite mit einziehbarer Klinge, auf der anderen Seite zum Schneiden von Folien und B\u00e4ndern, durch die zus\u00e4tzliche Nase k\u00f6nnen Klebeb\u00e4nder aufgerissen werden best\u00fcckt mit einer Brief\u00f6ffnerklinge Nr. 12-315-041 und einer Trapezklinge Nr.06-048-041 Klingenwechsel ohne Werkzeug F\u00fcr Rechts- und Linksh\u00e4nder geeignet<\/p>","protected":false},"featured_media":2063,"template":"","meta":[],"product_brand":[],"product_cat":[208,20,28],"product_tag":[],"class_list":{"0":"post-931","1":"product","2":"type-product","3":"status-publish","4":"has-post-thumbnail","6":"product_cat-folienschneider","7":"product_cat-kartonoeffner","8":"product_cat-produkte","10":"first","11":"instock","12":"shipping-taxable","13":"purchasable","14":"product-type-simple"},"aioseo_notices":[],"_links":{"self":[{"href":"https:\/\/apollo-herkenrath.de\/en\/wp-json\/wp\/v2\/product\/931","targetHints":{"allow":["GET"]}}],"collection":[{"href":"https:\/\/apollo-herkenrath.de\/en\/wp-json\/wp\/v2\/product"}],"about":[{"href":"https:\/\/apollo-herkenrath.de\/en\/wp-json\/wp\/v2\/types\/product"}],"wp:featuredmedia":[{"embeddable":true,"href":"https:\/\/apollo-herkenrath.de\/en\/wp-json\/wp\/v2\/media\/2063"}],"wp:attachment":[{"href":"https:\/\/apollo-herkenrath.de\/en\/wp-json\/wp\/v2\/media?parent=931"}],"wp:term":[{"taxonomy":"product_brand","embeddable":true,"href":"https:\/\/apollo-herkenrath.de\/en\/wp-json\/wp\/v2\/product_brand?post=931"},{"taxonomy":"product_cat","embeddable":true,"href":"https:\/\/apollo-herkenrath.de\/en\/wp-json\/wp\/v2\/product_cat?post=931"},{"taxonomy":"product_tag","embeddable":true,"href":"https:\/\/apollo-herkenrath.de\/en\/wp-json\/wp\/v2\/product_tag?post=931"}],"curies":[{"name":"wp","href":"https:\/\/api.w.org\/{rel}","templated":true}]}}