{"id":927,"date":"2018-05-31T12:40:53","date_gmt":"2018-05-31T10:40:53","guid":{"rendered":"https:\/\/dev.dernst.net\/?post_type=product&#038;p=927"},"modified":"2026-04-14T20:38:40","modified_gmt":"2026-04-14T18:38:40","slug":"sicherheitsmesser-mascaret-ald","status":"publish","type":"product","link":"https:\/\/apollo-herkenrath.de\/en\/product\/sicherheitsmesser-mascaret-ald\/","title":{"rendered":"Sicherheitsmesser Mascaret 2 ALD"},"content":{"rendered":"<ul>\n<li>leichtes, ergonomisches Sicherheitsmesser aus metalldetektierbarem Kunststoff<\/li>\n<li>die eingezogene Klinge kann verriegelt werden<\/li>\n<li>best\u00fcckt mit einer rostfreien Trapezklinge Nr. 06-049-083<\/li>\n<li>Klingenwechsel ohne Werkzeug<\/li>\n<li>f\u00fcr Rechts und Linksh\u00e4nder geeignet<\/li>\n<\/ul>","protected":false},"excerpt":{"rendered":"<p>leichtes, ergonomisches Sicherheitsmesser aus metalldetektierbarem Kunststoff die eingezogene Klinge kann verriegelt werden best\u00fcckt mit einer rostfreien Trapezklinge Nr. 06-049-083 Klingenwechsel ohne Werkzeug f\u00fcr Rechts und Linksh\u00e4nder geeignet<\/p>","protected":false},"featured_media":928,"template":"","meta":[],"product_brand":[],"product_cat":[20,209,28],"product_tag":[],"class_list":{"0":"post-927","1":"product","2":"type-product","3":"status-publish","4":"has-post-thumbnail","6":"product_cat-kartonoeffner","7":"product_cat-messer-aus-detektierbarem-kunststoff","8":"product_cat-produkte","10":"first","11":"instock","12":"shipping-taxable","13":"purchasable","14":"product-type-simple"},"aioseo_notices":[],"_links":{"self":[{"href":"https:\/\/apollo-herkenrath.de\/en\/wp-json\/wp\/v2\/product\/927","targetHints":{"allow":["GET"]}}],"collection":[{"href":"https:\/\/apollo-herkenrath.de\/en\/wp-json\/wp\/v2\/product"}],"about":[{"href":"https:\/\/apollo-herkenrath.de\/en\/wp-json\/wp\/v2\/types\/product"}],"wp:featuredmedia":[{"embeddable":true,"href":"https:\/\/apollo-herkenrath.de\/en\/wp-json\/wp\/v2\/media\/928"}],"wp:attachment":[{"href":"https:\/\/apollo-herkenrath.de\/en\/wp-json\/wp\/v2\/media?parent=927"}],"wp:term":[{"taxonomy":"product_brand","embeddable":true,"href":"https:\/\/apollo-herkenrath.de\/en\/wp-json\/wp\/v2\/product_brand?post=927"},{"taxonomy":"product_cat","embeddable":true,"href":"https:\/\/apollo-herkenrath.de\/en\/wp-json\/wp\/v2\/product_cat?post=927"},{"taxonomy":"product_tag","embeddable":true,"href":"https:\/\/apollo-herkenrath.de\/en\/wp-json\/wp\/v2\/product_tag?post=927"}],"curies":[{"name":"wp","href":"https:\/\/api.w.org\/{rel}","templated":true}]}}