{"id":922,"date":"2018-05-31T12:37:49","date_gmt":"2018-05-31T10:37:49","guid":{"rendered":"https:\/\/dev.dernst.net\/?post_type=product&#038;p=922"},"modified":"2018-05-31T12:38:33","modified_gmt":"2018-05-31T10:38:33","slug":"sicherheitsmesser-lege","status":"publish","type":"product","link":"https:\/\/apollo-herkenrath.de\/en\/product\/sicherheitsmesser-lege\/","title":{"rendered":"Sicherheitsmesser L\u00e8ge"},"content":{"rendered":"<ul>\n<li>leichtes Sicherheitmesser aus Kunststoff<\/li>\n<li>mit R\u00fcckholfeder<\/li>\n<li>GS-gepr\u00fcft<\/li>\n<li>best\u00fcckt mit einer 54 mm langen Trapezklinge Nr. 06-048-083<\/li>\n<li>Klingenaustrittsl\u00e4nge 16 mm<\/li>\n<li>bei Einsatz einer 60 mm langen Trapezklinge betr\u00e4gt die Austrittsl\u00e4nge 20 mm<\/li>\n<li>bei Einsatz einer 65 mm langen Trapezklinge betr\u00e4gt die Austrittsl\u00e4nge 22 mm<\/li>\n<li>schneller Klingenwechsel ohne Werkzeug<\/li>\n<li>F\u00fcr Rechts- und Linksh\u00e4nder geeignet<\/li>\n<\/ul>","protected":false},"excerpt":{"rendered":"<p>leichtes Sicherheitmesser aus Kunststoff mit R\u00fcckholfeder GS-gepr\u00fcft best\u00fcckt mit einer 54 mm langen Trapezklinge Nr. 06-048-083 Klingenaustrittsl\u00e4nge 16 mm bei Einsatz einer 60 mm langen Trapezklinge betr\u00e4gt die Austrittsl\u00e4nge 20 mm bei Einsatz einer 65 mm langen Trapezklinge betr\u00e4gt die Austrittsl\u00e4nge 22 mm schneller Klingenwechsel ohne Werkzeug F\u00fcr Rechts- und Linksh\u00e4nder geeignet<\/p>","protected":false},"featured_media":923,"template":"","meta":[],"product_brand":[],"product_cat":[20,28],"product_tag":[],"class_list":{"0":"post-922","1":"product","2":"type-product","3":"status-publish","4":"has-post-thumbnail","6":"product_cat-kartonoeffner","7":"product_cat-produkte","9":"first","10":"instock","11":"shipping-taxable","12":"purchasable","13":"product-type-simple"},"aioseo_notices":[],"_links":{"self":[{"href":"https:\/\/apollo-herkenrath.de\/en\/wp-json\/wp\/v2\/product\/922","targetHints":{"allow":["GET"]}}],"collection":[{"href":"https:\/\/apollo-herkenrath.de\/en\/wp-json\/wp\/v2\/product"}],"about":[{"href":"https:\/\/apollo-herkenrath.de\/en\/wp-json\/wp\/v2\/types\/product"}],"wp:featuredmedia":[{"embeddable":true,"href":"https:\/\/apollo-herkenrath.de\/en\/wp-json\/wp\/v2\/media\/923"}],"wp:attachment":[{"href":"https:\/\/apollo-herkenrath.de\/en\/wp-json\/wp\/v2\/media?parent=922"}],"wp:term":[{"taxonomy":"product_brand","embeddable":true,"href":"https:\/\/apollo-herkenrath.de\/en\/wp-json\/wp\/v2\/product_brand?post=922"},{"taxonomy":"product_cat","embeddable":true,"href":"https:\/\/apollo-herkenrath.de\/en\/wp-json\/wp\/v2\/product_cat?post=922"},{"taxonomy":"product_tag","embeddable":true,"href":"https:\/\/apollo-herkenrath.de\/en\/wp-json\/wp\/v2\/product_tag?post=922"}],"curies":[{"name":"wp","href":"https:\/\/api.w.org\/{rel}","templated":true}]}}