{"id":899,"date":"2018-05-31T12:20:23","date_gmt":"2018-05-31T10:20:23","guid":{"rendered":"https:\/\/dev.dernst.net\/?post_type=product&#038;p=899"},"modified":"2018-05-31T12:20:23","modified_gmt":"2018-05-31T10:20:23","slug":"sicherheitsmesser-automatik","status":"publish","type":"product","link":"https:\/\/apollo-herkenrath.de\/en\/product\/sicherheitsmesser-automatik\/","title":{"rendered":"Sicherheitsmesser Automatik"},"content":{"rendered":"<ul>\n<li>Sicherheitmesser mit R\u00fcckholfeder<\/li>\n<li>GS-gepr\u00fcft<\/li>\n<li>best\u00fcckt mit einer Trapezklinge Nr. 06-548-041<\/li>\n<li>Klingenwechsel ohne Werkzeug<\/li>\n<li>f\u00fcr Rechts- und Linksh\u00e4nder geeignet<\/li>\n<\/ul>","protected":false},"excerpt":{"rendered":"<p>Sicherheitmesser mit R\u00fcckholfeder GS-gepr\u00fcft best\u00fcckt mit einer Trapezklinge Nr. 06-548-041 Klingenwechsel ohne Werkzeug f\u00fcr Rechts- und Linksh\u00e4nder geeignet<\/p>","protected":false},"featured_media":900,"template":"","meta":[],"product_brand":[],"product_cat":[20,28],"product_tag":[],"class_list":{"0":"post-899","1":"product","2":"type-product","3":"status-publish","4":"has-post-thumbnail","6":"product_cat-kartonoeffner","7":"product_cat-produkte","9":"first","10":"instock","11":"shipping-taxable","12":"purchasable","13":"product-type-simple"},"aioseo_notices":[],"_links":{"self":[{"href":"https:\/\/apollo-herkenrath.de\/en\/wp-json\/wp\/v2\/product\/899","targetHints":{"allow":["GET"]}}],"collection":[{"href":"https:\/\/apollo-herkenrath.de\/en\/wp-json\/wp\/v2\/product"}],"about":[{"href":"https:\/\/apollo-herkenrath.de\/en\/wp-json\/wp\/v2\/types\/product"}],"wp:featuredmedia":[{"embeddable":true,"href":"https:\/\/apollo-herkenrath.de\/en\/wp-json\/wp\/v2\/media\/900"}],"wp:attachment":[{"href":"https:\/\/apollo-herkenrath.de\/en\/wp-json\/wp\/v2\/media?parent=899"}],"wp:term":[{"taxonomy":"product_brand","embeddable":true,"href":"https:\/\/apollo-herkenrath.de\/en\/wp-json\/wp\/v2\/product_brand?post=899"},{"taxonomy":"product_cat","embeddable":true,"href":"https:\/\/apollo-herkenrath.de\/en\/wp-json\/wp\/v2\/product_cat?post=899"},{"taxonomy":"product_tag","embeddable":true,"href":"https:\/\/apollo-herkenrath.de\/en\/wp-json\/wp\/v2\/product_tag?post=899"}],"curies":[{"name":"wp","href":"https:\/\/api.w.org\/{rel}","templated":true}]}}