{"id":897,"date":"2018-05-31T12:18:24","date_gmt":"2018-05-31T10:18:24","guid":{"rendered":"https:\/\/dev.dernst.net\/?post_type=product&#038;p=897"},"modified":"2018-06-07T10:50:20","modified_gmt":"2018-06-07T08:50:20","slug":"sicherheitsmesser-ausonne-ald","status":"publish","type":"product","link":"https:\/\/apollo-herkenrath.de\/en\/product\/sicherheitsmesser-ausonne-ald\/","title":{"rendered":"Sicherheitsmesser Ausonne ALD"},"content":{"rendered":"<ul>\n<li>Multifunktionales Sicherheitmesser mit R\u00fcckholfeder aus blauem Kunststoff<\/li>\n<li>metalldetektierbar, auch f\u00fcr die Lebensmittelindustrie geeignet<\/li>\n<li>GS-gepr\u00fcft<\/li>\n<li>3 einstellbare Austrittsl\u00e4ngen<\/li>\n<li>best\u00fcckt mit einer rostfreien Trapezklinge Nr. 06-049-083<\/li>\n<li>Klingenwechsel ohne Werkzeug<\/li>\n<li>F\u00fcr Rechts- und Linksh\u00e4nder geeignet<\/li>\n<\/ul>","protected":false},"excerpt":{"rendered":"<p>Multifunktionales Sicherheitmesser mit R\u00fcckholfeder aus blauem Kunststoff metalldetektierbar, auch f\u00fcr die Lebensmittelindustrie geeignet GS-gepr\u00fcft 3 einstellbare Austrittsl\u00e4ngen best\u00fcckt mit einer rostfreien Trapezklinge Nr. 06-049-083 Klingenwechsel ohne Werkzeug F\u00fcr Rechts- und Linksh\u00e4nder geeignet<\/p>","protected":false},"featured_media":898,"template":"","meta":[],"product_brand":[],"product_cat":[20,209,28],"product_tag":[],"class_list":{"0":"post-897","1":"product","2":"type-product","3":"status-publish","4":"has-post-thumbnail","6":"product_cat-kartonoeffner","7":"product_cat-messer-aus-detektierbarem-kunststoff","8":"product_cat-produkte","10":"first","11":"instock","12":"shipping-taxable","13":"purchasable","14":"product-type-simple"},"aioseo_notices":[],"_links":{"self":[{"href":"https:\/\/apollo-herkenrath.de\/en\/wp-json\/wp\/v2\/product\/897","targetHints":{"allow":["GET"]}}],"collection":[{"href":"https:\/\/apollo-herkenrath.de\/en\/wp-json\/wp\/v2\/product"}],"about":[{"href":"https:\/\/apollo-herkenrath.de\/en\/wp-json\/wp\/v2\/types\/product"}],"wp:featuredmedia":[{"embeddable":true,"href":"https:\/\/apollo-herkenrath.de\/en\/wp-json\/wp\/v2\/media\/898"}],"wp:attachment":[{"href":"https:\/\/apollo-herkenrath.de\/en\/wp-json\/wp\/v2\/media?parent=897"}],"wp:term":[{"taxonomy":"product_brand","embeddable":true,"href":"https:\/\/apollo-herkenrath.de\/en\/wp-json\/wp\/v2\/product_brand?post=897"},{"taxonomy":"product_cat","embeddable":true,"href":"https:\/\/apollo-herkenrath.de\/en\/wp-json\/wp\/v2\/product_cat?post=897"},{"taxonomy":"product_tag","embeddable":true,"href":"https:\/\/apollo-herkenrath.de\/en\/wp-json\/wp\/v2\/product_tag?post=897"}],"curies":[{"name":"wp","href":"https:\/\/api.w.org\/{rel}","templated":true}]}}