{"id":894,"date":"2018-05-31T12:15:50","date_gmt":"2018-05-31T10:15:50","guid":{"rendered":"https:\/\/dev.dernst.net\/?post_type=product&#038;p=894"},"modified":"2018-05-31T12:15:51","modified_gmt":"2018-05-31T10:15:51","slug":"sicherheitsmesser-auros","status":"publish","type":"product","link":"https:\/\/apollo-herkenrath.de\/en\/product\/sicherheitsmesser-auros\/","title":{"rendered":"Sicherheitsmesser Auros"},"content":{"rendered":"<ul>\n<li>leichtes Sicherheitmesser mit R\u00fcckholfeder<\/li>\n<li>die Klinge verschwindet automatisch im Messer, selbst wenn der Schieber gedr\u00fcckt bleibt<\/li>\n<li>T\u00dcV zertifiziert<\/li>\n<li>best\u00fcckt mit einer Trapezklinge Nr. 06-048-041<\/li>\n<li>Klingenwechsel ohne Werkzeug<\/li>\n<li>f\u00fcr Rechts- und Linksh\u00e4nder geeignet<\/li>\n<\/ul>","protected":false},"excerpt":{"rendered":"<p>leichtes Sicherheitmesser mit R\u00fcckholfeder die Klinge verschwindet automatisch im Messer, selbst wenn der Schieber gedr\u00fcckt bleibt T\u00dcV zertifiziert best\u00fcckt mit einer Trapezklinge Nr. 06-048-041 Klingenwechsel ohne Werkzeug f\u00fcr Rechts- und Linksh\u00e4nder geeignet<\/p>","protected":false},"featured_media":895,"template":"","meta":[],"product_brand":[],"product_cat":[20,28],"product_tag":[],"class_list":{"0":"post-894","1":"product","2":"type-product","3":"status-publish","4":"has-post-thumbnail","6":"product_cat-kartonoeffner","7":"product_cat-produkte","9":"first","10":"instock","11":"shipping-taxable","12":"purchasable","13":"product-type-simple"},"aioseo_notices":[],"_links":{"self":[{"href":"https:\/\/apollo-herkenrath.de\/en\/wp-json\/wp\/v2\/product\/894","targetHints":{"allow":["GET"]}}],"collection":[{"href":"https:\/\/apollo-herkenrath.de\/en\/wp-json\/wp\/v2\/product"}],"about":[{"href":"https:\/\/apollo-herkenrath.de\/en\/wp-json\/wp\/v2\/types\/product"}],"wp:featuredmedia":[{"embeddable":true,"href":"https:\/\/apollo-herkenrath.de\/en\/wp-json\/wp\/v2\/media\/895"}],"wp:attachment":[{"href":"https:\/\/apollo-herkenrath.de\/en\/wp-json\/wp\/v2\/media?parent=894"}],"wp:term":[{"taxonomy":"product_brand","embeddable":true,"href":"https:\/\/apollo-herkenrath.de\/en\/wp-json\/wp\/v2\/product_brand?post=894"},{"taxonomy":"product_cat","embeddable":true,"href":"https:\/\/apollo-herkenrath.de\/en\/wp-json\/wp\/v2\/product_cat?post=894"},{"taxonomy":"product_tag","embeddable":true,"href":"https:\/\/apollo-herkenrath.de\/en\/wp-json\/wp\/v2\/product_tag?post=894"}],"curies":[{"name":"wp","href":"https:\/\/api.w.org\/{rel}","templated":true}]}}