{"id":888,"date":"2018-05-31T12:03:11","date_gmt":"2018-05-31T10:03:11","guid":{"rendered":"https:\/\/dev.dernst.net\/?post_type=product&#038;p=888"},"modified":"2018-05-31T12:03:11","modified_gmt":"2018-05-31T10:03:11","slug":"sicherheitskartonoeffner-presstocut","status":"publish","type":"product","link":"https:\/\/apollo-herkenrath.de\/en\/product\/sicherheitskartonoeffner-presstocut\/","title":{"rendered":"Sicherheitskarton\u00f6ffner PresstoCut"},"content":{"rendered":"<p>Der <strong>Press<\/strong>to<strong>Cut<\/strong> Sicherheitskarton\u00f6ffner ist vielseitig einsetzbar, immer griffbereit und bietet maximale Sicherheit.<\/p>\n<ul>\n<li>GS-gepr\u00fcft<\/li>\n<li>schnelle und einfache Bedienung durch Druck mit dem Daumen<\/li>\n<li>das Messer kann einfach gesichert und somit in der Tasche getragen werden<\/li>\n<li>es ist immer griffbereit bei maximaler Sicherheit<\/li>\n<li>best\u00fcckt mit einer Industrieklinge Nr. 10-040-075<\/li>\n<li>der Messerk\u00f6rper ist in vielen Farben erh\u00e4ltlich: Schwarz, Dunkelblau, Gr\u00fcn, Hellblau, Rot, Orange, Gelb und Wei\u00df. Innenteil wahlweise Schwarz oder Wei\u00df<\/li>\n<\/ul>","protected":false},"excerpt":{"rendered":"<p>Der PresstoCut Sicherheitskarton\u00f6ffner ist vielseitig einsetzbar, immer griffbereit und bietet maximale Sicherheit. GS-gepr\u00fcft schnelle und einfache Bedienung durch Druck mit dem Daumen das Messer kann einfach gesichert und somit in der Tasche getragen werden es ist immer griffbereit bei maximaler Sicherheit best\u00fcckt mit einer Industrieklinge Nr. 10-040-075 der Messerk\u00f6rper ist in vielen Farben erh\u00e4ltlich: Schwarz, [&hellip;]<\/p>\n","protected":false},"featured_media":889,"template":"","meta":[],"product_brand":[],"product_cat":[20,28],"product_tag":[],"class_list":{"0":"post-888","1":"product","2":"type-product","3":"status-publish","4":"has-post-thumbnail","6":"product_cat-kartonoeffner","7":"product_cat-produkte","9":"first","10":"instock","11":"shipping-taxable","12":"purchasable","13":"product-type-simple"},"aioseo_notices":[],"_links":{"self":[{"href":"https:\/\/apollo-herkenrath.de\/en\/wp-json\/wp\/v2\/product\/888","targetHints":{"allow":["GET"]}}],"collection":[{"href":"https:\/\/apollo-herkenrath.de\/en\/wp-json\/wp\/v2\/product"}],"about":[{"href":"https:\/\/apollo-herkenrath.de\/en\/wp-json\/wp\/v2\/types\/product"}],"wp:featuredmedia":[{"embeddable":true,"href":"https:\/\/apollo-herkenrath.de\/en\/wp-json\/wp\/v2\/media\/889"}],"wp:attachment":[{"href":"https:\/\/apollo-herkenrath.de\/en\/wp-json\/wp\/v2\/media?parent=888"}],"wp:term":[{"taxonomy":"product_brand","embeddable":true,"href":"https:\/\/apollo-herkenrath.de\/en\/wp-json\/wp\/v2\/product_brand?post=888"},{"taxonomy":"product_cat","embeddable":true,"href":"https:\/\/apollo-herkenrath.de\/en\/wp-json\/wp\/v2\/product_cat?post=888"},{"taxonomy":"product_tag","embeddable":true,"href":"https:\/\/apollo-herkenrath.de\/en\/wp-json\/wp\/v2\/product_tag?post=888"}],"curies":[{"name":"wp","href":"https:\/\/api.w.org\/{rel}","templated":true}]}}