{"id":882,"date":"2018-05-31T11:43:32","date_gmt":"2018-05-31T09:43:32","guid":{"rendered":"https:\/\/dev.dernst.net\/?post_type=product&#038;p=882"},"modified":"2026-03-29T19:05:34","modified_gmt":"2026-03-29T17:05:34","slug":"folienschneider-cenon-ald","status":"publish","type":"product","link":"https:\/\/apollo-herkenrath.de\/en\/product\/folienschneider-cenon-ald\/","title":{"rendered":"Folienschneider Cenon ALD"},"content":{"rendered":"<ul>\n<li>Sicherheitseinwegmesser zum Schneiden von Folien, Plastikb\u00e4ndern und Klebeb\u00e4ndern<\/li>\n<li>metalldetektierbar, f\u00fcr die Lebensmittelindustrie<\/li>\n<li>mit der stumpfen Nase am hinteren Teil des Messers k\u00f6nnen Klebeb\u00e4nder zerissen werden<\/li>\n<li>entsprechend der Norm BRC, Artikel 4.8.3.2.<\/li>\n<li>GS-gepr\u00fcft<\/li>\n<\/ul>","protected":false},"excerpt":{"rendered":"<p>Sicherheitseinwegmesser zum Schneiden von Folien, Plastikb\u00e4ndern und Klebeb\u00e4ndern metalldetektierbar, f\u00fcr die Lebensmittelindustrie mit der stumpfen Nase am hinteren Teil des Messers k\u00f6nnen Klebeb\u00e4nder zerissen werden entsprechend der Norm BRC, Artikel 4.8.3.2. GS-gepr\u00fcft<\/p>","protected":false},"featured_media":2190,"template":"","meta":[],"product_brand":[],"product_cat":[208,20,209,28],"product_tag":[],"class_list":{"0":"post-882","1":"product","2":"type-product","3":"status-publish","4":"has-post-thumbnail","6":"product_cat-folienschneider","7":"product_cat-kartonoeffner","8":"product_cat-messer-aus-detektierbarem-kunststoff","9":"product_cat-produkte","11":"first","12":"instock","13":"shipping-taxable","14":"purchasable","15":"product-type-simple"},"aioseo_notices":[],"_links":{"self":[{"href":"https:\/\/apollo-herkenrath.de\/en\/wp-json\/wp\/v2\/product\/882","targetHints":{"allow":["GET"]}}],"collection":[{"href":"https:\/\/apollo-herkenrath.de\/en\/wp-json\/wp\/v2\/product"}],"about":[{"href":"https:\/\/apollo-herkenrath.de\/en\/wp-json\/wp\/v2\/types\/product"}],"wp:featuredmedia":[{"embeddable":true,"href":"https:\/\/apollo-herkenrath.de\/en\/wp-json\/wp\/v2\/media\/2190"}],"wp:attachment":[{"href":"https:\/\/apollo-herkenrath.de\/en\/wp-json\/wp\/v2\/media?parent=882"}],"wp:term":[{"taxonomy":"product_brand","embeddable":true,"href":"https:\/\/apollo-herkenrath.de\/en\/wp-json\/wp\/v2\/product_brand?post=882"},{"taxonomy":"product_cat","embeddable":true,"href":"https:\/\/apollo-herkenrath.de\/en\/wp-json\/wp\/v2\/product_cat?post=882"},{"taxonomy":"product_tag","embeddable":true,"href":"https:\/\/apollo-herkenrath.de\/en\/wp-json\/wp\/v2\/product_tag?post=882"}],"curies":[{"name":"wp","href":"https:\/\/api.w.org\/{rel}","templated":true}]}}