{"id":2033,"date":"2021-01-27T12:31:50","date_gmt":"2021-01-27T11:31:50","guid":{"rendered":"https:\/\/apollo-herkenrath.de\/?post_type=product&#038;p=2033"},"modified":"2026-02-19T19:12:47","modified_gmt":"2026-02-19T18:12:47","slug":"olfa-sicherheitsmesser-sk-15","status":"publish","type":"product","link":"https:\/\/apollo-herkenrath.de\/en\/product\/olfa-sicherheitsmesser-sk-15\/","title":{"rendered":"Olfa\u00ae Sicherheitsmesser SK-15"},"content":{"rendered":"<ul>\n<li>Sicherheitsmesser aus glasfaserverst\u00e4rktem PP zum Schneiden von Kunststoffb\u00e4ndern, Folien und Klebestreifen sowie einwelligen Kartons bis max. 4 mm Materialst\u00e4rke<\/li>\n<li>NSF zertifiziert und dadurch einsetzbar im Lebensmittelbereich. Das gesamte Messer ist abwaschbar<\/li>\n<li>Der Griff ist leicht und ergonomisch und somit ideal f\u00fcr ein erm\u00fcdungsfreies Arbeiten<\/li>\n<li>Ultimative Sicherheit und bester Personenschutz durch verdeckt liegende Klinge aus rostfreiem Stahl<\/li>\n<li>Mit der zus\u00e4tzlichen Nase an der Messerspitze k\u00f6nnen auch Klebeb\u00e4nder aufgerissen werden<\/li>\n<li>Durch die am Griffende befindliche \u00d6se l\u00e4sst sich das Messer am G\u00fcrtel oder am Arbeitsplatz befestigen<\/li>\n<li>S\u00e4ure- und Aceton best\u00e4ndig<\/li>\n<li>f\u00fcr Rechts- und Linksh\u00e4nder geeignet<\/li>\n<li>kein Klingenwechsel m\u00f6glich daher auch keine Verletzungsgefahr<\/li>\n<li>Verpackt: 10 Messer im Karton<\/li>\n<li>Jetzt auch in blau und wei\u00df lieferbar<\/li>\n<\/ul>","protected":false},"excerpt":{"rendered":"<p>Sicherheitsmesser aus glasfaserverst\u00e4rktem PP zum Schneiden von Kunststoffb\u00e4ndern, Folien und Klebestreifen sowie einwelligen Kartons bis max. 4 mm Materialst\u00e4rke NSF zertifiziert und dadurch einsetzbar im Lebensmittelbereich. Das gesamte Messer ist abwaschbar Der Griff ist leicht und ergonomisch und somit ideal f\u00fcr ein erm\u00fcdungsfreies Arbeiten Ultimative Sicherheit und bester Personenschutz durch verdeckt liegende Klinge aus rostfreiem [&hellip;]<\/p>\n","protected":false},"featured_media":2034,"template":"","meta":[],"product_brand":[],"product_cat":[30,28,19],"product_tag":[],"class_list":{"0":"post-2033","1":"product","2":"type-product","3":"status-publish","4":"has-post-thumbnail","6":"product_cat-neuheiten","7":"product_cat-produkte","8":"product_cat-sicherheitsmesser","10":"first","11":"instock","12":"shipping-taxable","13":"purchasable","14":"product-type-simple"},"aioseo_notices":[],"_links":{"self":[{"href":"https:\/\/apollo-herkenrath.de\/en\/wp-json\/wp\/v2\/product\/2033","targetHints":{"allow":["GET"]}}],"collection":[{"href":"https:\/\/apollo-herkenrath.de\/en\/wp-json\/wp\/v2\/product"}],"about":[{"href":"https:\/\/apollo-herkenrath.de\/en\/wp-json\/wp\/v2\/types\/product"}],"wp:featuredmedia":[{"embeddable":true,"href":"https:\/\/apollo-herkenrath.de\/en\/wp-json\/wp\/v2\/media\/2034"}],"wp:attachment":[{"href":"https:\/\/apollo-herkenrath.de\/en\/wp-json\/wp\/v2\/media?parent=2033"}],"wp:term":[{"taxonomy":"product_brand","embeddable":true,"href":"https:\/\/apollo-herkenrath.de\/en\/wp-json\/wp\/v2\/product_brand?post=2033"},{"taxonomy":"product_cat","embeddable":true,"href":"https:\/\/apollo-herkenrath.de\/en\/wp-json\/wp\/v2\/product_cat?post=2033"},{"taxonomy":"product_tag","embeddable":true,"href":"https:\/\/apollo-herkenrath.de\/en\/wp-json\/wp\/v2\/product_tag?post=2033"}],"curies":[{"name":"wp","href":"https:\/\/api.w.org\/{rel}","templated":true}]}}