{"id":2027,"date":"2021-01-25T15:49:56","date_gmt":"2021-01-25T14:49:56","guid":{"rendered":"https:\/\/apollo-herkenrath.de\/?post_type=product&#038;p=2027"},"modified":"2021-01-26T15:41:05","modified_gmt":"2021-01-26T14:41:05","slug":"hakenklinge-spezial","status":"publish","type":"product","link":"https:\/\/apollo-herkenrath.de\/en\/product\/hakenklinge-spezial\/","title":{"rendered":"Hakenklinge Spezial"},"content":{"rendered":"<ul>\n<li>Ma\u00dfe: 48,4 x 10,6 x 1,2 \/ 0,6 mm<\/li>\n<li>mit abgesetzter Schneide<\/li>\n<li>h\u00f6here Standzeit als Standard- oder beschichtete Hakenklingen<\/li>\n<li>kein Verbiegen der Klinge durch die gro\u00dfe Materialst\u00e4rke und hohe H\u00e4rte<\/li>\n<li>&#8211; unbeschichtet &#8211;<\/li>\n<li>Verp.: 50 Klingen im Karton<\/li>\n<li>Ideal auch zum Entgraten von Kunststoffen<\/li>\n<\/ul>","protected":false},"excerpt":{"rendered":"<p>Ma\u00dfe: 48,4 x 10,6 x 1,2 \/ 0,6 mm mit abgesetzter Schneide h\u00f6here Standzeit als Standard- oder beschichtete Hakenklingen kein Verbiegen der Klinge durch die gro\u00dfe Materialst\u00e4rke und hohe H\u00e4rte &#8211; unbeschichtet &#8211; Verp.: 50 Klingen im Karton Ideal auch zum Entgraten von Kunststoffen<\/p>","protected":false},"featured_media":2028,"template":"","meta":[],"product_brand":[],"product_cat":[27,16,30,28],"product_tag":[],"class_list":{"0":"post-2027","1":"product","2":"type-product","3":"status-publish","4":"has-post-thumbnail","6":"product_cat-hakenklingen","7":"product_cat-klingen","8":"product_cat-neuheiten","9":"product_cat-produkte","11":"first","12":"instock","13":"shipping-taxable","14":"purchasable","15":"product-type-simple"},"aioseo_notices":[],"_links":{"self":[{"href":"https:\/\/apollo-herkenrath.de\/en\/wp-json\/wp\/v2\/product\/2027","targetHints":{"allow":["GET"]}}],"collection":[{"href":"https:\/\/apollo-herkenrath.de\/en\/wp-json\/wp\/v2\/product"}],"about":[{"href":"https:\/\/apollo-herkenrath.de\/en\/wp-json\/wp\/v2\/types\/product"}],"wp:featuredmedia":[{"embeddable":true,"href":"https:\/\/apollo-herkenrath.de\/en\/wp-json\/wp\/v2\/media\/2028"}],"wp:attachment":[{"href":"https:\/\/apollo-herkenrath.de\/en\/wp-json\/wp\/v2\/media?parent=2027"}],"wp:term":[{"taxonomy":"product_brand","embeddable":true,"href":"https:\/\/apollo-herkenrath.de\/en\/wp-json\/wp\/v2\/product_brand?post=2027"},{"taxonomy":"product_cat","embeddable":true,"href":"https:\/\/apollo-herkenrath.de\/en\/wp-json\/wp\/v2\/product_cat?post=2027"},{"taxonomy":"product_tag","embeddable":true,"href":"https:\/\/apollo-herkenrath.de\/en\/wp-json\/wp\/v2\/product_tag?post=2027"}],"curies":[{"name":"wp","href":"https:\/\/api.w.org\/{rel}","templated":true}]}}