{"id":2019,"date":"2021-01-20T16:55:03","date_gmt":"2021-01-20T15:55:03","guid":{"rendered":"https:\/\/apollo-herkenrath.de\/?post_type=product&#038;p=2019"},"modified":"2021-01-20T17:15:32","modified_gmt":"2021-01-20T16:15:32","slug":"olfa-sicherheits-labormesser","status":"publish","type":"product","link":"https:\/\/apollo-herkenrath.de\/en\/product\/olfa-sicherheits-labormesser\/","title":{"rendered":"Olfa\u00ae-Sicherheits Labormesser"},"content":{"rendered":"<ul>\n<li>Sicherheits Labormesser aus Edelstahl und rostfreier Klinge<\/li>\n<li>Besonders geeignet zum Schneiden von Kartons und Verpackungsmaterial sowie Folien und B\u00e4ndern im Labor- und Lebensmittelbereich<\/li>\n<li>Das Messer kann zum Reinigen oder Desinfizieren in Einzelteile demontiert werden<\/li>\n<li>Reinigung mit Natriumhypochlorit m\u00f6glich<\/li>\n<li>Detektierbar f\u00fcr die Lebensmittelindustrie<\/li>\n<li>Automatischer Klingenr\u00fcckzug sobald der Schieber losgelassen wird<\/li>\n<li>Best\u00fcckt mit einer 2-fach nutzbaren Olfa\u00ae-Trapezklinge Nr.: SKB-2S\/10B<\/li>\n<li>werkzeugloser Klingenwechsel<\/li>\n<li>GS-gepr\u00fcft<\/li>\n<\/ul>","protected":false},"excerpt":{"rendered":"<p>Sicherheits Labormesser aus Edelstahl und rostfreier Klinge Besonders geeignet zum Schneiden von Kartons und Verpackungsmaterial sowie Folien und B\u00e4ndern im Labor- und Lebensmittelbereich Das Messer kann zum Reinigen oder Desinfizieren in Einzelteile demontiert werden Reinigung mit Natriumhypochlorit m\u00f6glich Detektierbar f\u00fcr die Lebensmittelindustrie Automatischer Klingenr\u00fcckzug sobald der Schieber losgelassen wird Best\u00fcckt mit einer 2-fach nutzbaren Olfa\u00ae-Trapezklinge [&hellip;]<\/p>\n","protected":false},"featured_media":2020,"template":"","meta":[],"product_brand":[],"product_cat":[30,28,19],"product_tag":[],"class_list":{"0":"post-2019","1":"product","2":"type-product","3":"status-publish","4":"has-post-thumbnail","6":"product_cat-neuheiten","7":"product_cat-produkte","8":"product_cat-sicherheitsmesser","10":"first","11":"instock","12":"shipping-taxable","13":"purchasable","14":"product-type-simple"},"aioseo_notices":[],"_links":{"self":[{"href":"https:\/\/apollo-herkenrath.de\/en\/wp-json\/wp\/v2\/product\/2019","targetHints":{"allow":["GET"]}}],"collection":[{"href":"https:\/\/apollo-herkenrath.de\/en\/wp-json\/wp\/v2\/product"}],"about":[{"href":"https:\/\/apollo-herkenrath.de\/en\/wp-json\/wp\/v2\/types\/product"}],"wp:featuredmedia":[{"embeddable":true,"href":"https:\/\/apollo-herkenrath.de\/en\/wp-json\/wp\/v2\/media\/2020"}],"wp:attachment":[{"href":"https:\/\/apollo-herkenrath.de\/en\/wp-json\/wp\/v2\/media?parent=2019"}],"wp:term":[{"taxonomy":"product_brand","embeddable":true,"href":"https:\/\/apollo-herkenrath.de\/en\/wp-json\/wp\/v2\/product_brand?post=2019"},{"taxonomy":"product_cat","embeddable":true,"href":"https:\/\/apollo-herkenrath.de\/en\/wp-json\/wp\/v2\/product_cat?post=2019"},{"taxonomy":"product_tag","embeddable":true,"href":"https:\/\/apollo-herkenrath.de\/en\/wp-json\/wp\/v2\/product_tag?post=2019"}],"curies":[{"name":"wp","href":"https:\/\/api.w.org\/{rel}","templated":true}]}}