{"id":2007,"date":"2021-01-18T21:23:09","date_gmt":"2021-01-18T20:23:09","guid":{"rendered":"https:\/\/apollo-herkenrath.de\/?post_type=product&#038;p=2007"},"modified":"2021-01-20T17:38:09","modified_gmt":"2021-01-20T16:38:09","slug":"olfa-sicherheitsmesser-sk-10","status":"publish","type":"product","link":"https:\/\/apollo-herkenrath.de\/en\/product\/olfa-sicherheitsmesser-sk-10\/","title":{"rendered":"Olfa\u00ae-Sicherheitsmesser SK-10"},"content":{"rendered":"<ul>\n<li>Sicherheitsmesser aus besonders hochwertigem ABS Kunststoff zum Schneiden von Kunststoffb\u00e4ndern, Folien und Klebestreifen<\/li>\n<li>durch die zus\u00e4tzliche Nase im Messerr\u00fccken k\u00f6nnen auch Klebeb\u00e4nder aufgerissen werden<\/li>\n<li>S\u00e4ure- und Acetonbest\u00e4ndig<\/li>\n<li>best\u00fcckt mit einer 4-fach nutzbaren Olfa\u00ae-Dreilochklinge Nr.: SKB-10<\/li>\n<li>f\u00fcr Rechts- und Linksh\u00e4nder geeignet<\/li>\n<li>werkzeugloser Klingenwechsel<\/li>\n<li>GS-gepr\u00fcft<\/li>\n<\/ul>","protected":false},"excerpt":{"rendered":"<p>Sicherheitsmesser aus besonders hochwertigem ABS Kunststoff zum Schneiden von Kunststoffb\u00e4ndern, Folien und Klebestreifen durch die zus\u00e4tzliche Nase im Messerr\u00fccken k\u00f6nnen auch Klebeb\u00e4nder aufgerissen werden S\u00e4ure- und Acetonbest\u00e4ndig best\u00fcckt mit einer 4-fach nutzbaren Olfa\u00ae-Dreilochklinge Nr.: SKB-10 f\u00fcr Rechts- und Linksh\u00e4nder geeignet werkzeugloser Klingenwechsel GS-gepr\u00fcft<\/p>","protected":false},"featured_media":2008,"template":"","meta":[],"product_brand":[],"product_cat":[30,28,19],"product_tag":[],"class_list":{"0":"post-2007","1":"product","2":"type-product","3":"status-publish","4":"has-post-thumbnail","6":"product_cat-neuheiten","7":"product_cat-produkte","8":"product_cat-sicherheitsmesser","10":"first","11":"instock","12":"shipping-taxable","13":"purchasable","14":"product-type-simple"},"aioseo_notices":[],"_links":{"self":[{"href":"https:\/\/apollo-herkenrath.de\/en\/wp-json\/wp\/v2\/product\/2007","targetHints":{"allow":["GET"]}}],"collection":[{"href":"https:\/\/apollo-herkenrath.de\/en\/wp-json\/wp\/v2\/product"}],"about":[{"href":"https:\/\/apollo-herkenrath.de\/en\/wp-json\/wp\/v2\/types\/product"}],"wp:featuredmedia":[{"embeddable":true,"href":"https:\/\/apollo-herkenrath.de\/en\/wp-json\/wp\/v2\/media\/2008"}],"wp:attachment":[{"href":"https:\/\/apollo-herkenrath.de\/en\/wp-json\/wp\/v2\/media?parent=2007"}],"wp:term":[{"taxonomy":"product_brand","embeddable":true,"href":"https:\/\/apollo-herkenrath.de\/en\/wp-json\/wp\/v2\/product_brand?post=2007"},{"taxonomy":"product_cat","embeddable":true,"href":"https:\/\/apollo-herkenrath.de\/en\/wp-json\/wp\/v2\/product_cat?post=2007"},{"taxonomy":"product_tag","embeddable":true,"href":"https:\/\/apollo-herkenrath.de\/en\/wp-json\/wp\/v2\/product_tag?post=2007"}],"curies":[{"name":"wp","href":"https:\/\/api.w.org\/{rel}","templated":true}]}}