{"id":1925,"date":"2020-04-21T16:19:55","date_gmt":"2020-04-21T14:19:55","guid":{"rendered":"https:\/\/apollo-herkenrath.de\/?post_type=product&#038;p=1925"},"modified":"2020-04-21T16:52:06","modified_gmt":"2020-04-21T14:52:06","slug":"olfa-xmt-1-x-design","status":"publish","type":"product","link":"https:\/\/apollo-herkenrath.de\/en\/product\/olfa-xmt-1-x-design\/","title":{"rendered":"Olfa XMT-1 X-Design"},"content":{"rendered":"<ul>\n<li>X-Design Cutter mit 12,5 mm Klinge<\/li>\n<li>Griff aus Fiberglas verst\u00e4rktem Polypropylen mit rutschfestem Elastomer<\/li>\n<li>S\u00e4ure- und Aceton best\u00e4ndig<\/li>\n<li>Edelstahl-Klingenkanal<\/li>\n<li>Schiebearretierung mit autolock<\/li>\n<li>Verl\u00e4ngerter Korpus (Stahldorn) Haifischflosse zum \u00d6ffnen von Farbdosen und Klebeb\u00e4ndern etc.<\/li>\n<li>Klinge: LBB 12,5 mm \/ Excel Black ultrascharf<\/li>\n<\/ul>","protected":false},"excerpt":{"rendered":"<p>X-Design Cutter mit 12,5 mm Klinge Griff aus Fiberglas verst\u00e4rktem Polypropylen mit rutschfestem Elastomer S\u00e4ure- und Aceton best\u00e4ndig Edelstahl-Klingenkanal Schiebearretierung mit autolock Verl\u00e4ngerter Korpus (Stahldorn) Haifischflosse zum \u00d6ffnen von Farbdosen und Klebeb\u00e4ndern etc. Klinge: LBB 12,5 mm \/ Excel Black ultrascharf<\/p>","protected":false},"featured_media":1926,"template":"","meta":[],"product_brand":[],"product_cat":[221,30,28],"product_tag":[],"class_list":{"0":"post-1925","1":"product","2":"type-product","3":"status-publish","4":"has-post-thumbnail","6":"product_cat-cuttermesser","7":"product_cat-neuheiten","8":"product_cat-produkte","10":"first","11":"instock","12":"shipping-taxable","13":"purchasable","14":"product-type-simple"},"aioseo_notices":[],"_links":{"self":[{"href":"https:\/\/apollo-herkenrath.de\/en\/wp-json\/wp\/v2\/product\/1925","targetHints":{"allow":["GET"]}}],"collection":[{"href":"https:\/\/apollo-herkenrath.de\/en\/wp-json\/wp\/v2\/product"}],"about":[{"href":"https:\/\/apollo-herkenrath.de\/en\/wp-json\/wp\/v2\/types\/product"}],"wp:featuredmedia":[{"embeddable":true,"href":"https:\/\/apollo-herkenrath.de\/en\/wp-json\/wp\/v2\/media\/1926"}],"wp:attachment":[{"href":"https:\/\/apollo-herkenrath.de\/en\/wp-json\/wp\/v2\/media?parent=1925"}],"wp:term":[{"taxonomy":"product_brand","embeddable":true,"href":"https:\/\/apollo-herkenrath.de\/en\/wp-json\/wp\/v2\/product_brand?post=1925"},{"taxonomy":"product_cat","embeddable":true,"href":"https:\/\/apollo-herkenrath.de\/en\/wp-json\/wp\/v2\/product_cat?post=1925"},{"taxonomy":"product_tag","embeddable":true,"href":"https:\/\/apollo-herkenrath.de\/en\/wp-json\/wp\/v2\/product_tag?post=1925"}],"curies":[{"name":"wp","href":"https:\/\/api.w.org\/{rel}","templated":true}]}}