{"id":1569,"date":"2018-10-19T12:31:44","date_gmt":"2018-10-19T10:31:44","guid":{"rendered":"https:\/\/dev.dernst.net\/?post_type=product&#038;p=1569"},"modified":"2026-03-28T18:56:46","modified_gmt":"2026-03-28T17:56:46","slug":"titan-pinzette-5","status":"publish","type":"product","link":"https:\/\/apollo-herkenrath.de\/en\/product\/titan-pinzette-5\/","title":{"rendered":"Pinzette Titan"},"content":{"rendered":"<p>gerade, abgerundete Spitze<br \/>\nmit Hieb<\/p>\n<p>L\u00e4nge 200 mm<br \/>\nMaterial: Titan<\/p>\n<p>Extrem leicht, hoch s\u00e4urebest\u00e4ndig<\/p>\n<p>100 % antimagnetisch<\/p>\n<p>Lotabweisend, kein Haften von Hart- und Weichlot<\/p>\n<p>Geringe W\u00e4rmeleitf\u00e4higkeit, bleibt beim L\u00f6ten fast kalt<\/p>\n<p>Antiallergen<\/p>","protected":false},"excerpt":{"rendered":"<p>Bert Witte Titanpinzetten<\/p>\n<p>Auf Anfrage auch in den L\u00e4ngen 145 mm und 250 mm erh\u00e4ltlich<\/p>","protected":false},"featured_media":1564,"template":"","meta":[],"product_brand":[],"product_cat":[285],"product_tag":[],"class_list":{"0":"post-1569","1":"product","2":"type-product","3":"status-publish","4":"has-post-thumbnail","6":"product_cat-titan-pinzetten","8":"first","9":"instock","10":"shipping-taxable","11":"purchasable","12":"product-type-simple"},"aioseo_notices":[],"_links":{"self":[{"href":"https:\/\/apollo-herkenrath.de\/en\/wp-json\/wp\/v2\/product\/1569","targetHints":{"allow":["GET"]}}],"collection":[{"href":"https:\/\/apollo-herkenrath.de\/en\/wp-json\/wp\/v2\/product"}],"about":[{"href":"https:\/\/apollo-herkenrath.de\/en\/wp-json\/wp\/v2\/types\/product"}],"wp:featuredmedia":[{"embeddable":true,"href":"https:\/\/apollo-herkenrath.de\/en\/wp-json\/wp\/v2\/media\/1564"}],"wp:attachment":[{"href":"https:\/\/apollo-herkenrath.de\/en\/wp-json\/wp\/v2\/media?parent=1569"}],"wp:term":[{"taxonomy":"product_brand","embeddable":true,"href":"https:\/\/apollo-herkenrath.de\/en\/wp-json\/wp\/v2\/product_brand?post=1569"},{"taxonomy":"product_cat","embeddable":true,"href":"https:\/\/apollo-herkenrath.de\/en\/wp-json\/wp\/v2\/product_cat?post=1569"},{"taxonomy":"product_tag","embeddable":true,"href":"https:\/\/apollo-herkenrath.de\/en\/wp-json\/wp\/v2\/product_tag?post=1569"}],"curies":[{"name":"wp","href":"https:\/\/api.w.org\/{rel}","templated":true}]}}