{"id":1558,"date":"2018-10-19T12:26:09","date_gmt":"2018-10-19T10:26:09","guid":{"rendered":"https:\/\/dev.dernst.net\/?post_type=product&#038;p=1558"},"modified":"2026-03-28T17:40:37","modified_gmt":"2026-03-28T16:40:37","slug":"titan-loetschieber","status":"publish","type":"product","link":"https:\/\/apollo-herkenrath.de\/en\/product\/titan-loetschieber\/","title":{"rendered":"Lotschieber Titan"},"content":{"rendered":"","protected":false},"excerpt":{"rendered":"<p>sehr feine Spitze<\/p>\n<p>\u00d8 ca. 2,5 mm<\/p>\n<p>Zum punktgenauen Platzieren von Lotgut<\/p>\n<p>Extrem leicht, hoch s\u00e4urebest\u00e4ndig<\/p>\n<p>100 % antimagnetisch<\/p>\n<p>Lotabweisend, kein Haften von Hart- und Weichlot<\/p>\n<p>Geringe W\u00e4rmeleitf\u00e4higkeit, bleibt beim L\u00f6ten fast kalt<\/p>\n<p>Antiallergen, bakterizid<\/p>","protected":false},"featured_media":1559,"template":"","meta":[],"product_brand":[],"product_cat":[285],"product_tag":[],"class_list":{"0":"post-1558","1":"product","2":"type-product","3":"status-publish","4":"has-post-thumbnail","6":"product_cat-titan-pinzetten","8":"first","9":"instock","10":"shipping-taxable","11":"purchasable","12":"product-type-simple"},"aioseo_notices":[],"_links":{"self":[{"href":"https:\/\/apollo-herkenrath.de\/en\/wp-json\/wp\/v2\/product\/1558","targetHints":{"allow":["GET"]}}],"collection":[{"href":"https:\/\/apollo-herkenrath.de\/en\/wp-json\/wp\/v2\/product"}],"about":[{"href":"https:\/\/apollo-herkenrath.de\/en\/wp-json\/wp\/v2\/types\/product"}],"wp:featuredmedia":[{"embeddable":true,"href":"https:\/\/apollo-herkenrath.de\/en\/wp-json\/wp\/v2\/media\/1559"}],"wp:attachment":[{"href":"https:\/\/apollo-herkenrath.de\/en\/wp-json\/wp\/v2\/media?parent=1558"}],"wp:term":[{"taxonomy":"product_brand","embeddable":true,"href":"https:\/\/apollo-herkenrath.de\/en\/wp-json\/wp\/v2\/product_brand?post=1558"},{"taxonomy":"product_cat","embeddable":true,"href":"https:\/\/apollo-herkenrath.de\/en\/wp-json\/wp\/v2\/product_cat?post=1558"},{"taxonomy":"product_tag","embeddable":true,"href":"https:\/\/apollo-herkenrath.de\/en\/wp-json\/wp\/v2\/product_tag?post=1558"}],"curies":[{"name":"wp","href":"https:\/\/api.w.org\/{rel}","templated":true}]}}