{"id":1185,"date":"2018-10-09T12:31:17","date_gmt":"2018-10-09T10:31:17","guid":{"rendered":"https:\/\/dev.dernst.net\/?post_type=product&#038;p=1185"},"modified":"2026-03-14T14:55:56","modified_gmt":"2026-03-14T13:55:56","slug":"daemmstoffmesser","status":"publish","type":"product","link":"https:\/\/apollo-herkenrath.de\/en\/product\/daemmstoffmesser\/","title":{"rendered":"D\u00e4mmstoffmesser"},"content":{"rendered":"<ul>\n<li>ergonomischer Griff<\/li>\n<li>feststehende Klinge<\/li>\n<li>best\u00fcckt mit einer D\u00e4mmstoffklinge Nr. 14-230-061<\/li>\n<li>Klingenwechsel mit Werkzeug<\/li>\n<li>f\u00fcr Rechts- und Linksh\u00e4nder geeignet<\/li>\n<li>vorr\u00e4tig bis Ersch\u00f6pfung des Lagers !<\/li>\n<\/ul>","protected":false},"excerpt":{"rendered":"<p>ergonomischer Griff feststehende Klinge best\u00fcckt mit einer D\u00e4mmstoffklinge Nr. 14-230-061 Klingenwechsel mit Werkzeug f\u00fcr Rechts- und Linksh\u00e4nder geeignet vorr\u00e4tig bis Ersch\u00f6pfung des Lagers !<\/p>","protected":false},"featured_media":1186,"template":"","meta":[],"product_brand":[],"product_cat":[222],"product_tag":[],"class_list":{"0":"post-1185","1":"product","2":"type-product","3":"status-publish","4":"has-post-thumbnail","6":"product_cat-messer-mit-feststehender-klinge","8":"first","9":"instock","10":"shipping-taxable","11":"purchasable","12":"product-type-simple"},"aioseo_notices":[],"_links":{"self":[{"href":"https:\/\/apollo-herkenrath.de\/en\/wp-json\/wp\/v2\/product\/1185","targetHints":{"allow":["GET"]}}],"collection":[{"href":"https:\/\/apollo-herkenrath.de\/en\/wp-json\/wp\/v2\/product"}],"about":[{"href":"https:\/\/apollo-herkenrath.de\/en\/wp-json\/wp\/v2\/types\/product"}],"wp:featuredmedia":[{"embeddable":true,"href":"https:\/\/apollo-herkenrath.de\/en\/wp-json\/wp\/v2\/media\/1186"}],"wp:attachment":[{"href":"https:\/\/apollo-herkenrath.de\/en\/wp-json\/wp\/v2\/media?parent=1185"}],"wp:term":[{"taxonomy":"product_brand","embeddable":true,"href":"https:\/\/apollo-herkenrath.de\/en\/wp-json\/wp\/v2\/product_brand?post=1185"},{"taxonomy":"product_cat","embeddable":true,"href":"https:\/\/apollo-herkenrath.de\/en\/wp-json\/wp\/v2\/product_cat?post=1185"},{"taxonomy":"product_tag","embeddable":true,"href":"https:\/\/apollo-herkenrath.de\/en\/wp-json\/wp\/v2\/product_tag?post=1185"}],"curies":[{"name":"wp","href":"https:\/\/api.w.org\/{rel}","templated":true}]}}