{"id":1183,"date":"2018-10-09T12:27:27","date_gmt":"2018-10-09T10:27:27","guid":{"rendered":"https:\/\/dev.dernst.net\/?post_type=product&#038;p=1183"},"modified":"2018-10-09T12:27:27","modified_gmt":"2018-10-09T10:27:27","slug":"stanley-cutter-fatmax-pro-25-mm","status":"publish","type":"product","link":"https:\/\/apollo-herkenrath.de\/en\/product\/stanley-cutter-fatmax-pro-25-mm\/","title":{"rendered":"Stanley-Cutter FatMax\u2122 Pro, 25 mm"},"content":{"rendered":"<ul>\n<li>extra langer Korpus \u2013 f\u00fcr beidh\u00e4ndiges, kr\u00e4ftiges Schneiden<\/li>\n<li>angerauhte Grifffl\u00e4che \u2013 f\u00fcr besseren Grip auch bei feuchten H\u00e4nden<\/li>\n<li>st\u00e4rkere Klinge \u2013 f\u00fcr besonders starke Beanspruchung<\/li>\n<li>4 Ersatzklingen (im Lieferumfang enthalten) k\u00f6nnen im Klingenmagazin aufbewahrt werden<\/li>\n<li>best\u00fcckt mit Abbrechklingen Nr. 1-11-325<\/li>\n<li>Klingenmagazin aus rostfreiem Stahl &#8211; leichtg\u00e4ngiges Ein- und Ausziehen der Klinge<\/li>\n<\/ul>\n<p class=\"info-jck\">integrierter Klingenbrecher \u2013 f\u00fcr sicheres und bequemes Abbrechen der verbrauchten Klingensegmente<\/p>","protected":false},"excerpt":{"rendered":"<p>extra langer Korpus \u2013 f\u00fcr beidh\u00e4ndiges, kr\u00e4ftiges Schneiden angerauhte Grifffl\u00e4che \u2013 f\u00fcr besseren Grip auch bei feuchten H\u00e4nden st\u00e4rkere Klinge \u2013 f\u00fcr besonders starke Beanspruchung 4 Ersatzklingen (im Lieferumfang enthalten) k\u00f6nnen im Klingenmagazin aufbewahrt werden best\u00fcckt mit Abbrechklingen Nr. 1-11-325 Klingenmagazin aus rostfreiem Stahl &#8211; leichtg\u00e4ngiges Ein- und Ausziehen der Klinge integrierter Klingenbrecher \u2013 f\u00fcr [&hellip;]<\/p>\n","protected":false},"featured_media":1184,"template":"","meta":[],"product_brand":[],"product_cat":[229],"product_tag":[],"class_list":{"0":"post-1183","1":"product","2":"type-product","3":"status-publish","4":"has-post-thumbnail","6":"product_cat-cuttermesser-25-mm","8":"first","9":"instock","10":"shipping-taxable","11":"purchasable","12":"product-type-simple"},"aioseo_notices":[],"_links":{"self":[{"href":"https:\/\/apollo-herkenrath.de\/en\/wp-json\/wp\/v2\/product\/1183","targetHints":{"allow":["GET"]}}],"collection":[{"href":"https:\/\/apollo-herkenrath.de\/en\/wp-json\/wp\/v2\/product"}],"about":[{"href":"https:\/\/apollo-herkenrath.de\/en\/wp-json\/wp\/v2\/types\/product"}],"wp:featuredmedia":[{"embeddable":true,"href":"https:\/\/apollo-herkenrath.de\/en\/wp-json\/wp\/v2\/media\/1184"}],"wp:attachment":[{"href":"https:\/\/apollo-herkenrath.de\/en\/wp-json\/wp\/v2\/media?parent=1183"}],"wp:term":[{"taxonomy":"product_brand","embeddable":true,"href":"https:\/\/apollo-herkenrath.de\/en\/wp-json\/wp\/v2\/product_brand?post=1183"},{"taxonomy":"product_cat","embeddable":true,"href":"https:\/\/apollo-herkenrath.de\/en\/wp-json\/wp\/v2\/product_cat?post=1183"},{"taxonomy":"product_tag","embeddable":true,"href":"https:\/\/apollo-herkenrath.de\/en\/wp-json\/wp\/v2\/product_tag?post=1183"}],"curies":[{"name":"wp","href":"https:\/\/api.w.org\/{rel}","templated":true}]}}