{"id":1182,"date":"2018-10-09T12:25:48","date_gmt":"2018-10-09T10:25:48","guid":{"rendered":"https:\/\/dev.dernst.net\/?post_type=product&#038;p=1182"},"modified":"2018-10-09T12:25:48","modified_gmt":"2018-10-09T10:25:48","slug":"stanley-cutter-fatmax-mit-magazin-25-mm","status":"publish","type":"product","link":"https:\/\/apollo-herkenrath.de\/en\/product\/stanley-cutter-fatmax-mit-magazin-25-mm\/","title":{"rendered":"Stanley-Cutter FatMax\u2122 mit Magazin, 25 mm"},"content":{"rendered":"<ul class=\"feat_and_ben\">\n<li>25 mm Cutter mit Magazin<\/li>\n<li>Klingenf\u00fchrung aus rostfreiem Stahl<\/li>\n<li>h\u00f6here Widerstandskraft der Klinge bei r\u00fcckw\u00e4rtigem Schub (bis zu 20 kg)<\/li>\n<li>Cutter mit Feststellr\u00e4dchen<\/li>\n<li>sicherer Verschlu\u00df des Einschubs und Schutz vor Sand und grobem Staub<\/li>\n<li>Klingenschieber aus Bi-Material<\/li>\n<li>schnelle Abnahme des Klingenbrechers<\/li>\n<li>best\u00fcckt mit Abbrechklingen Nr. 3-11-725<\/li>\n<li>Magazin f\u00fcr bis zu 4 Klingen<\/li>\n<li>schneller Klingenwechsel &#8211; automatischer Klingen-Nachschub<\/li>\n<li>4 Stanley FatMax\u2122 Abbrechklingen im Lieferumfang enthalten<\/li>\n<\/ul>","protected":false},"excerpt":{"rendered":"<p>25 mm Cutter mit Magazin Klingenf\u00fchrung aus rostfreiem Stahl h\u00f6here Widerstandskraft der Klinge bei r\u00fcckw\u00e4rtigem Schub (bis zu 20 kg) Cutter mit Feststellr\u00e4dchen sicherer Verschlu\u00df des Einschubs und Schutz vor Sand und grobem Staub Klingenschieber aus Bi-Material schnelle Abnahme des Klingenbrechers best\u00fcckt mit Abbrechklingen Nr. 3-11-725 Magazin f\u00fcr bis zu 4 Klingen schneller Klingenwechsel &#8211; [&hellip;]<\/p>\n","protected":false},"featured_media":1167,"template":"","meta":[],"product_brand":[],"product_cat":[229],"product_tag":[],"class_list":{"0":"post-1182","1":"product","2":"type-product","3":"status-publish","4":"has-post-thumbnail","6":"product_cat-cuttermesser-25-mm","8":"first","9":"instock","10":"shipping-taxable","11":"purchasable","12":"product-type-simple"},"aioseo_notices":[],"_links":{"self":[{"href":"https:\/\/apollo-herkenrath.de\/en\/wp-json\/wp\/v2\/product\/1182","targetHints":{"allow":["GET"]}}],"collection":[{"href":"https:\/\/apollo-herkenrath.de\/en\/wp-json\/wp\/v2\/product"}],"about":[{"href":"https:\/\/apollo-herkenrath.de\/en\/wp-json\/wp\/v2\/types\/product"}],"wp:featuredmedia":[{"embeddable":true,"href":"https:\/\/apollo-herkenrath.de\/en\/wp-json\/wp\/v2\/media\/1167"}],"wp:attachment":[{"href":"https:\/\/apollo-herkenrath.de\/en\/wp-json\/wp\/v2\/media?parent=1182"}],"wp:term":[{"taxonomy":"product_brand","embeddable":true,"href":"https:\/\/apollo-herkenrath.de\/en\/wp-json\/wp\/v2\/product_brand?post=1182"},{"taxonomy":"product_cat","embeddable":true,"href":"https:\/\/apollo-herkenrath.de\/en\/wp-json\/wp\/v2\/product_cat?post=1182"},{"taxonomy":"product_tag","embeddable":true,"href":"https:\/\/apollo-herkenrath.de\/en\/wp-json\/wp\/v2\/product_tag?post=1182"}],"curies":[{"name":"wp","href":"https:\/\/api.w.org\/{rel}","templated":true}]}}