{"id":1075,"date":"2018-10-04T11:42:24","date_gmt":"2018-10-04T09:42:24","guid":{"rendered":"https:\/\/dev.dernst.net\/?post_type=product&#038;p=1075"},"modified":"2018-10-09T12:12:00","modified_gmt":"2018-10-09T10:12:00","slug":"cuttermesser-barsac-s-9-mm","status":"publish","type":"product","link":"https:\/\/apollo-herkenrath.de\/en\/product\/cuttermesser-barsac-s-9-mm\/","title":{"rendered":"Cuttermesser Barsac S, 9 mm"},"content":{"rendered":"<p>&nbsp;<\/p>\n<ul>\n<li>Metalldetektierbar<\/li>\n<li>Cuttermesser mit Sicherheitsschieber f\u00fcr die Lebensmittelindustrie<\/li>\n<li>T\u00dcV zertifiziert<\/li>\n<li>einstellbare Austrittsl\u00e4nge<\/li>\n<li>best\u00fcckt mit einer rostfreien 9 mm Klinge Nr. 473.4 AL ohne Abbrechstellen<\/li>\n<\/ul>\n<p>&nbsp;<\/p>","protected":false},"excerpt":{"rendered":"<p>&nbsp; Metalldetektierbar Cuttermesser mit Sicherheitsschieber f\u00fcr die Lebensmittelindustrie T\u00dcV zertifiziert einstellbare Austrittsl\u00e4nge best\u00fcckt mit einer rostfreien 9 mm Klinge Nr. 473.4 AL ohne Abbrechstellen &nbsp;<\/p>","protected":false},"featured_media":1076,"template":"","meta":[],"product_brand":[],"product_cat":[226,216],"product_tag":[],"class_list":{"0":"post-1075","1":"product","2":"type-product","3":"status-publish","4":"has-post-thumbnail","6":"product_cat-cuttermesser-9-mm","7":"product_cat-universalmesser-aus-detektierbarem-kunststoff","9":"first","10":"instock","11":"shipping-taxable","12":"purchasable","13":"product-type-simple"},"aioseo_notices":[],"_links":{"self":[{"href":"https:\/\/apollo-herkenrath.de\/en\/wp-json\/wp\/v2\/product\/1075","targetHints":{"allow":["GET"]}}],"collection":[{"href":"https:\/\/apollo-herkenrath.de\/en\/wp-json\/wp\/v2\/product"}],"about":[{"href":"https:\/\/apollo-herkenrath.de\/en\/wp-json\/wp\/v2\/types\/product"}],"wp:featuredmedia":[{"embeddable":true,"href":"https:\/\/apollo-herkenrath.de\/en\/wp-json\/wp\/v2\/media\/1076"}],"wp:attachment":[{"href":"https:\/\/apollo-herkenrath.de\/en\/wp-json\/wp\/v2\/media?parent=1075"}],"wp:term":[{"taxonomy":"product_brand","embeddable":true,"href":"https:\/\/apollo-herkenrath.de\/en\/wp-json\/wp\/v2\/product_brand?post=1075"},{"taxonomy":"product_cat","embeddable":true,"href":"https:\/\/apollo-herkenrath.de\/en\/wp-json\/wp\/v2\/product_cat?post=1075"},{"taxonomy":"product_tag","embeddable":true,"href":"https:\/\/apollo-herkenrath.de\/en\/wp-json\/wp\/v2\/product_tag?post=1075"}],"curies":[{"name":"wp","href":"https:\/\/api.w.org\/{rel}","templated":true}]}}