{"id":1073,"date":"2018-10-04T11:41:01","date_gmt":"2018-10-04T09:41:01","guid":{"rendered":"https:\/\/dev.dernst.net\/?post_type=product&#038;p=1073"},"modified":"2026-03-14T14:57:48","modified_gmt":"2026-03-14T13:57:48","slug":"universalmesser-ikaros","status":"publish","type":"product","link":"https:\/\/apollo-herkenrath.de\/en\/product\/universalmesser-ikaros\/","title":{"rendered":"Universalmesser Ikaros"},"content":{"rendered":"<p>&nbsp;<\/p>\n<ul>\n<li>ackierter Zinkdruckguss mit Abrutschschutz<\/li>\n<li>einziehbare Klinge<\/li>\n<li>best\u00fcckt mit einer Trapezklinge Nr. 06-568-083<\/li>\n<li>vorr\u00e4tig bis Ersch\u00f6pfung des Lagers !<\/li>\n<\/ul>\n<p>&nbsp;<\/p>","protected":false},"excerpt":{"rendered":"<p>&nbsp; ackierter Zinkdruckguss mit Abrutschschutz einziehbare Klinge best\u00fcckt mit einer Trapezklinge Nr. 06-568-083 vorr\u00e4tig bis Ersch\u00f6pfung des Lagers ! &nbsp;<\/p>","protected":false},"featured_media":1074,"template":"","meta":[],"product_brand":[],"product_cat":[215],"product_tag":[],"class_list":{"0":"post-1073","1":"product","2":"type-product","3":"status-publish","4":"has-post-thumbnail","6":"product_cat-messer-mit-einziehbarer-klinge","8":"first","9":"instock","10":"shipping-taxable","11":"purchasable","12":"product-type-simple"},"aioseo_notices":[],"_links":{"self":[{"href":"https:\/\/apollo-herkenrath.de\/en\/wp-json\/wp\/v2\/product\/1073","targetHints":{"allow":["GET"]}}],"collection":[{"href":"https:\/\/apollo-herkenrath.de\/en\/wp-json\/wp\/v2\/product"}],"about":[{"href":"https:\/\/apollo-herkenrath.de\/en\/wp-json\/wp\/v2\/types\/product"}],"wp:featuredmedia":[{"embeddable":true,"href":"https:\/\/apollo-herkenrath.de\/en\/wp-json\/wp\/v2\/media\/1074"}],"wp:attachment":[{"href":"https:\/\/apollo-herkenrath.de\/en\/wp-json\/wp\/v2\/media?parent=1073"}],"wp:term":[{"taxonomy":"product_brand","embeddable":true,"href":"https:\/\/apollo-herkenrath.de\/en\/wp-json\/wp\/v2\/product_brand?post=1073"},{"taxonomy":"product_cat","embeddable":true,"href":"https:\/\/apollo-herkenrath.de\/en\/wp-json\/wp\/v2\/product_cat?post=1073"},{"taxonomy":"product_tag","embeddable":true,"href":"https:\/\/apollo-herkenrath.de\/en\/wp-json\/wp\/v2\/product_tag?post=1073"}],"curies":[{"name":"wp","href":"https:\/\/api.w.org\/{rel}","templated":true}]}}