{"id":1071,"date":"2018-10-04T11:39:28","date_gmt":"2018-10-04T09:39:28","guid":{"rendered":"https:\/\/dev.dernst.net\/?post_type=product&#038;p=1071"},"modified":"2018-10-04T11:39:33","modified_gmt":"2018-10-04T09:39:33","slug":"universalmesser-daphne-mit-koecher","status":"publish","type":"product","link":"https:\/\/apollo-herkenrath.de\/en\/product\/universalmesser-daphne-mit-koecher\/","title":{"rendered":"Universalmesser Daphne mit K\u00f6cher"},"content":{"rendered":"<p>&nbsp;<\/p>\n<ul>\n<li>Schnellwechselmesser mit ergonomischem Griff<\/li>\n<li>durch den K\u00f6cher ist das Messer jederzeit griffbereit und sicher gesch\u00fctzt<\/li>\n<li>einziehbare Klinge<\/li>\n<li>Magazin f\u00fcr 10 Klingen im Griff<\/li>\n<li>best\u00fcckt mit einer Trapezklinge Nr. 06-048-083<\/li>\n<\/ul>\n<p>&nbsp;<\/p>","protected":false},"excerpt":{"rendered":"<p>&nbsp; Schnellwechselmesser mit ergonomischem Griff durch den K\u00f6cher ist das Messer jederzeit griffbereit und sicher gesch\u00fctzt einziehbare Klinge Magazin f\u00fcr 10 Klingen im Griff best\u00fcckt mit einer Trapezklinge Nr. 06-048-083 &nbsp;<\/p>","protected":false},"featured_media":1072,"template":"","meta":[],"product_brand":[],"product_cat":[215,28],"product_tag":[],"class_list":{"0":"post-1071","1":"product","2":"type-product","3":"status-publish","4":"has-post-thumbnail","6":"product_cat-messer-mit-einziehbarer-klinge","7":"product_cat-produkte","9":"first","10":"instock","11":"shipping-taxable","12":"purchasable","13":"product-type-simple"},"aioseo_notices":[],"_links":{"self":[{"href":"https:\/\/apollo-herkenrath.de\/en\/wp-json\/wp\/v2\/product\/1071","targetHints":{"allow":["GET"]}}],"collection":[{"href":"https:\/\/apollo-herkenrath.de\/en\/wp-json\/wp\/v2\/product"}],"about":[{"href":"https:\/\/apollo-herkenrath.de\/en\/wp-json\/wp\/v2\/types\/product"}],"wp:featuredmedia":[{"embeddable":true,"href":"https:\/\/apollo-herkenrath.de\/en\/wp-json\/wp\/v2\/media\/1072"}],"wp:attachment":[{"href":"https:\/\/apollo-herkenrath.de\/en\/wp-json\/wp\/v2\/media?parent=1071"}],"wp:term":[{"taxonomy":"product_brand","embeddable":true,"href":"https:\/\/apollo-herkenrath.de\/en\/wp-json\/wp\/v2\/product_brand?post=1071"},{"taxonomy":"product_cat","embeddable":true,"href":"https:\/\/apollo-herkenrath.de\/en\/wp-json\/wp\/v2\/product_cat?post=1071"},{"taxonomy":"product_tag","embeddable":true,"href":"https:\/\/apollo-herkenrath.de\/en\/wp-json\/wp\/v2\/product_tag?post=1071"}],"curies":[{"name":"wp","href":"https:\/\/api.w.org\/{rel}","templated":true}]}}