{"id":1061,"date":"2018-10-04T11:32:05","date_gmt":"2018-10-04T09:32:05","guid":{"rendered":"https:\/\/dev.dernst.net\/?post_type=product&#038;p=1061"},"modified":"2018-10-04T11:32:37","modified_gmt":"2018-10-04T09:32:37","slug":"stanley-schnellwechsel-profimesser","status":"publish","type":"product","link":"https:\/\/apollo-herkenrath.de\/en\/product\/stanley-schnellwechsel-profimesser\/","title":{"rendered":"Stanley Schnellwechsel-Profimesser"},"content":{"rendered":"<ul class=\"feat_and_ben\">\n<li>Messer mit einziehbarer Klinge<\/li>\n<li>Robustes Geh\u00e4use aus Zinkdruckguss: leicht und korrosionsbest\u00e4ndig<\/li>\n<li>Ergonomisches Design &#8211; sicherer Halt auch bei kraftvollem Einsatz<\/li>\n<li>Einlagen aus weichem Kunststoff &#8211; f\u00fcr hohe Kontrolle und sicheren Griff<\/li>\n<li>InterLock\u2122-Verbindung der Griffschalen f\u00fcr sicheren Halt der Klinge<\/li>\n<li>Schneller Klingenwechsel ohne Werkzeug<\/li>\n<li>Bis zu 8 Klingen im Griff verstaubar<\/li>\n<li>Klinge in f\u00fcnf Positionen fixierbar<\/li>\n<li>Drei Ersatzklingen im Lieferumfang enthalten<\/li>\n<li>Integrierter Schnurtrenner &#8211; verwendbar nur bei vollst\u00e4ndig eingezogener Klinge<\/li>\n<\/ul>","protected":false},"excerpt":{"rendered":"<p>Messer mit einziehbarer Klinge Robustes Geh\u00e4use aus Zinkdruckguss: leicht und korrosionsbest\u00e4ndig Ergonomisches Design &#8211; sicherer Halt auch bei kraftvollem Einsatz Einlagen aus weichem Kunststoff &#8211; f\u00fcr hohe Kontrolle und sicheren Griff InterLock\u2122-Verbindung der Griffschalen f\u00fcr sicheren Halt der Klinge Schneller Klingenwechsel ohne Werkzeug Bis zu 8 Klingen im Griff verstaubar Klinge in f\u00fcnf Positionen fixierbar [&hellip;]<\/p>\n","protected":false},"featured_media":1062,"template":"","meta":[],"product_brand":[],"product_cat":[215],"product_tag":[],"class_list":{"0":"post-1061","1":"product","2":"type-product","3":"status-publish","4":"has-post-thumbnail","6":"product_cat-messer-mit-einziehbarer-klinge","8":"first","9":"instock","10":"shipping-taxable","11":"purchasable","12":"product-type-simple"},"aioseo_notices":[],"_links":{"self":[{"href":"https:\/\/apollo-herkenrath.de\/en\/wp-json\/wp\/v2\/product\/1061","targetHints":{"allow":["GET"]}}],"collection":[{"href":"https:\/\/apollo-herkenrath.de\/en\/wp-json\/wp\/v2\/product"}],"about":[{"href":"https:\/\/apollo-herkenrath.de\/en\/wp-json\/wp\/v2\/types\/product"}],"wp:featuredmedia":[{"embeddable":true,"href":"https:\/\/apollo-herkenrath.de\/en\/wp-json\/wp\/v2\/media\/1062"}],"wp:attachment":[{"href":"https:\/\/apollo-herkenrath.de\/en\/wp-json\/wp\/v2\/media?parent=1061"}],"wp:term":[{"taxonomy":"product_brand","embeddable":true,"href":"https:\/\/apollo-herkenrath.de\/en\/wp-json\/wp\/v2\/product_brand?post=1061"},{"taxonomy":"product_cat","embeddable":true,"href":"https:\/\/apollo-herkenrath.de\/en\/wp-json\/wp\/v2\/product_cat?post=1061"},{"taxonomy":"product_tag","embeddable":true,"href":"https:\/\/apollo-herkenrath.de\/en\/wp-json\/wp\/v2\/product_tag?post=1061"}],"curies":[{"name":"wp","href":"https:\/\/api.w.org\/{rel}","templated":true}]}}