{"id":1031,"date":"2018-06-07T11:12:10","date_gmt":"2018-06-07T09:12:10","guid":{"rendered":"https:\/\/dev.dernst.net\/?post_type=product&#038;p=1031"},"modified":"2026-04-14T21:10:42","modified_gmt":"2026-04-14T19:10:42","slug":"messerholster-fatmax","status":"publish","type":"product","link":"https:\/\/apollo-herkenrath.de\/en\/product\/messerholster-fatmax\/","title":{"rendered":"Stanley Messerholster FatMax\u00ae"},"content":{"rendered":"<ul>\n<li>Starkes, schneidfestes 600 Denier Polyester f\u00fcr eine lange Lebensdauer<\/li>\n<li>Reibungs- und schnittfeste Innenseite<\/li>\n<li>Stabile, robuste N\u00e4hte &#8211; haltbar und langlebig<\/li>\n<li>Starker G\u00fcrtelclip<\/li>\n<li>Kleines Zusatzfach zur Aufbewahrung von Ersatzklingen<\/li>\n<li>F\u00fcr alle Stanley Messertypen geeignet<\/li>\n<\/ul>","protected":false},"excerpt":{"rendered":"<p>Starkes, schneidfestes 600 Denier Polyester f\u00fcr eine lange Lebensdauer Reibungs- und schnittfeste Innenseite Stabile, robuste N\u00e4hte &#8211; haltbar und langlebig Starker G\u00fcrtelclip Kleines Zusatzfach zur Aufbewahrung von Ersatzklingen F\u00fcr alle Stanley Messertypen geeignet<\/p>","protected":false},"featured_media":1032,"template":"","meta":[],"product_brand":[],"product_cat":[28,211,223],"product_tag":[],"class_list":{"0":"post-1031","1":"product","2":"type-product","3":"status-publish","4":"has-post-thumbnail","6":"product_cat-produkte","7":"product_cat-zubehoer-fuer-sicherheitsmesser","8":"product_cat-zubehoer-fuer-universalmesser","10":"first","11":"instock","12":"shipping-taxable","13":"purchasable","14":"product-type-simple"},"aioseo_notices":[],"_links":{"self":[{"href":"https:\/\/apollo-herkenrath.de\/en\/wp-json\/wp\/v2\/product\/1031","targetHints":{"allow":["GET"]}}],"collection":[{"href":"https:\/\/apollo-herkenrath.de\/en\/wp-json\/wp\/v2\/product"}],"about":[{"href":"https:\/\/apollo-herkenrath.de\/en\/wp-json\/wp\/v2\/types\/product"}],"wp:featuredmedia":[{"embeddable":true,"href":"https:\/\/apollo-herkenrath.de\/en\/wp-json\/wp\/v2\/media\/1032"}],"wp:attachment":[{"href":"https:\/\/apollo-herkenrath.de\/en\/wp-json\/wp\/v2\/media?parent=1031"}],"wp:term":[{"taxonomy":"product_brand","embeddable":true,"href":"https:\/\/apollo-herkenrath.de\/en\/wp-json\/wp\/v2\/product_brand?post=1031"},{"taxonomy":"product_cat","embeddable":true,"href":"https:\/\/apollo-herkenrath.de\/en\/wp-json\/wp\/v2\/product_cat?post=1031"},{"taxonomy":"product_tag","embeddable":true,"href":"https:\/\/apollo-herkenrath.de\/en\/wp-json\/wp\/v2\/product_tag?post=1031"}],"curies":[{"name":"wp","href":"https:\/\/api.w.org\/{rel}","templated":true}]}}