{"id":1029,"date":"2018-06-07T11:11:14","date_gmt":"2018-06-07T09:11:14","guid":{"rendered":"https:\/\/dev.dernst.net\/?post_type=product&#038;p=1029"},"modified":"2026-04-14T21:20:15","modified_gmt":"2026-04-14T19:20:15","slug":"klingenbox-soalam","status":"publish","type":"product","link":"https:\/\/apollo-herkenrath.de\/en\/product\/klingenbox-soalam\/","title":{"rendered":"Klingenbox Soalam 2"},"content":{"rendered":"<ul>\n<li>Sammelbox f\u00fcr gebrauchte Klingen<\/li>\n<li>der speziell entwickelte Deckel verhindert das Herausfallen der gebrauchten Klingen<\/li>\n<li><span style=\"color: #ff0000\"><strong>A<\/strong><\/span>: Abdeckung f\u00fcr den Auffangbeh\u00e4lter f\u00fcr gebrauchte Klingen.<\/li>\n<li><span style=\"color: #ff0000\"><strong>B<\/strong><\/span>: \u00d6ffnung zum Einlegen gebrauchter Klingen.<\/li>\n<li><span style=\"color: #ff0000\"><strong>C<\/strong><\/span>: Klingenaufangbeh\u00e4lter.<\/li>\n<\/ul>","protected":false},"excerpt":{"rendered":"<p>Sammelbox f\u00fcr gebrauchte Klingen der speziell entwickelte Deckel verhindert das Herausfallen der gebrauchten Klingen A: Abdeckung f\u00fcr den Auffangbeh\u00e4lter f\u00fcr gebrauchte Klingen. B: \u00d6ffnung zum Einlegen gebrauchter Klingen. C: Klingenaufangbeh\u00e4lter.<\/p>","protected":false},"featured_media":2209,"template":"","meta":[],"product_brand":[],"product_cat":[28,211,223],"product_tag":[],"class_list":{"0":"post-1029","1":"product","2":"type-product","3":"status-publish","4":"has-post-thumbnail","6":"product_cat-produkte","7":"product_cat-zubehoer-fuer-sicherheitsmesser","8":"product_cat-zubehoer-fuer-universalmesser","10":"first","11":"instock","12":"shipping-taxable","13":"purchasable","14":"product-type-simple"},"aioseo_notices":[],"_links":{"self":[{"href":"https:\/\/apollo-herkenrath.de\/en\/wp-json\/wp\/v2\/product\/1029","targetHints":{"allow":["GET"]}}],"collection":[{"href":"https:\/\/apollo-herkenrath.de\/en\/wp-json\/wp\/v2\/product"}],"about":[{"href":"https:\/\/apollo-herkenrath.de\/en\/wp-json\/wp\/v2\/types\/product"}],"wp:featuredmedia":[{"embeddable":true,"href":"https:\/\/apollo-herkenrath.de\/en\/wp-json\/wp\/v2\/media\/2209"}],"wp:attachment":[{"href":"https:\/\/apollo-herkenrath.de\/en\/wp-json\/wp\/v2\/media?parent=1029"}],"wp:term":[{"taxonomy":"product_brand","embeddable":true,"href":"https:\/\/apollo-herkenrath.de\/en\/wp-json\/wp\/v2\/product_brand?post=1029"},{"taxonomy":"product_cat","embeddable":true,"href":"https:\/\/apollo-herkenrath.de\/en\/wp-json\/wp\/v2\/product_cat?post=1029"},{"taxonomy":"product_tag","embeddable":true,"href":"https:\/\/apollo-herkenrath.de\/en\/wp-json\/wp\/v2\/product_tag?post=1029"}],"curies":[{"name":"wp","href":"https:\/\/api.w.org\/{rel}","templated":true}]}}