{"id":1027,"date":"2018-06-07T11:10:22","date_gmt":"2018-06-07T09:10:22","guid":{"rendered":"https:\/\/dev.dernst.net\/?post_type=product&#038;p=1027"},"modified":"2026-04-14T21:28:58","modified_gmt":"2026-04-14T19:28:58","slug":"aufrollmechanismus-zicou","status":"publish","type":"product","link":"https:\/\/apollo-herkenrath.de\/en\/product\/aufrollmechanismus-zicou\/","title":{"rendered":"Aufrollmechanismus Zicou"},"content":{"rendered":"<ul>\n<li>Aufrollmechanismus mit einem Meter Aktionsradius<\/li>\n<li>das Messer kann am Zicou und am G\u00fcrtel befestigt werden, somit kein Verletzungsrisiko<\/li>\n<li>das verwendete Messer ben\u00f6tigt eine Lochaufnahme um den Ring des Zicou einzuf\u00e4deln<\/li>\n<li>Verwendung f\u00fcr Messer mit einem Gewicht von weniger als 80 g<\/li>\n<\/ul>","protected":false},"excerpt":{"rendered":"<p>Aufrollmechanismus mit einem Meter Aktionsradius das Messer kann am Zicou und am G\u00fcrtel befestigt werden, somit kein Verletzungsrisiko das verwendete Messer ben\u00f6tigt eine Lochaufnahme um den Ring des Zicou einzuf\u00e4deln Verwendung f\u00fcr Messer mit einem Gewicht von weniger als 80 g<\/p>","protected":false},"featured_media":1028,"template":"","meta":[],"product_brand":[],"product_cat":[28,211,223],"product_tag":[],"class_list":{"0":"post-1027","1":"product","2":"type-product","3":"status-publish","4":"has-post-thumbnail","6":"product_cat-produkte","7":"product_cat-zubehoer-fuer-sicherheitsmesser","8":"product_cat-zubehoer-fuer-universalmesser","10":"first","11":"instock","12":"shipping-taxable","13":"purchasable","14":"product-type-simple"},"aioseo_notices":[],"_links":{"self":[{"href":"https:\/\/apollo-herkenrath.de\/en\/wp-json\/wp\/v2\/product\/1027","targetHints":{"allow":["GET"]}}],"collection":[{"href":"https:\/\/apollo-herkenrath.de\/en\/wp-json\/wp\/v2\/product"}],"about":[{"href":"https:\/\/apollo-herkenrath.de\/en\/wp-json\/wp\/v2\/types\/product"}],"wp:featuredmedia":[{"embeddable":true,"href":"https:\/\/apollo-herkenrath.de\/en\/wp-json\/wp\/v2\/media\/1028"}],"wp:attachment":[{"href":"https:\/\/apollo-herkenrath.de\/en\/wp-json\/wp\/v2\/media?parent=1027"}],"wp:term":[{"taxonomy":"product_brand","embeddable":true,"href":"https:\/\/apollo-herkenrath.de\/en\/wp-json\/wp\/v2\/product_brand?post=1027"},{"taxonomy":"product_cat","embeddable":true,"href":"https:\/\/apollo-herkenrath.de\/en\/wp-json\/wp\/v2\/product_cat?post=1027"},{"taxonomy":"product_tag","embeddable":true,"href":"https:\/\/apollo-herkenrath.de\/en\/wp-json\/wp\/v2\/product_tag?post=1027"}],"curies":[{"name":"wp","href":"https:\/\/api.w.org\/{rel}","templated":true}]}}