{"id":1012,"date":"2018-06-07T11:01:37","date_gmt":"2018-06-07T09:01:37","guid":{"rendered":"https:\/\/dev.dernst.net\/?post_type=product&#038;p=1012"},"modified":"2018-10-09T10:57:07","modified_gmt":"2018-10-09T08:57:07","slug":"entgratemesser-ceradronne-geschaerft","status":"publish","type":"product","link":"https:\/\/apollo-herkenrath.de\/en\/product\/entgratemesser-ceradronne-geschaerft\/","title":{"rendered":"Entgratemesser Ceradronne gesch\u00e4rft"},"content":{"rendered":"<ul>\n<li>mit Schutzkappe<\/li>\n<li>die runde Form erm\u00f6glicht das Innen- und Aussenentgraten<\/li>\n<li>best\u00fcckt mit einer gesch\u00e4rften Keramikklinge Nr. 880-14 AF<\/li>\n<li>Klingenwechsel ohne Werkzeug mittels R\u00e4ndelschraube<\/li>\n<li>f\u00fcr Rechts- und Linksh\u00e4nder geeignet<\/li>\n<\/ul>","protected":false},"excerpt":{"rendered":"<p>mit Schutzkappe die runde Form erm\u00f6glicht das Innen- und Aussenentgraten best\u00fcckt mit einer gesch\u00e4rften Keramikklinge Nr. 880-14 AF Klingenwechsel ohne Werkzeug mittels R\u00e4ndelschraube f\u00fcr Rechts- und Linksh\u00e4nder geeignet<\/p>","protected":false},"featured_media":999,"template":"","meta":[],"product_brand":[],"product_cat":[219,28,210],"product_tag":[],"class_list":{"0":"post-1012","1":"product","2":"type-product","3":"status-publish","4":"has-post-thumbnail","6":"product_cat-messer-zum-entgraten","7":"product_cat-produkte","8":"product_cat-spezialmesser","10":"first","11":"instock","12":"shipping-taxable","13":"purchasable","14":"product-type-simple"},"aioseo_notices":[],"_links":{"self":[{"href":"https:\/\/apollo-herkenrath.de\/en\/wp-json\/wp\/v2\/product\/1012","targetHints":{"allow":["GET"]}}],"collection":[{"href":"https:\/\/apollo-herkenrath.de\/en\/wp-json\/wp\/v2\/product"}],"about":[{"href":"https:\/\/apollo-herkenrath.de\/en\/wp-json\/wp\/v2\/types\/product"}],"wp:featuredmedia":[{"embeddable":true,"href":"https:\/\/apollo-herkenrath.de\/en\/wp-json\/wp\/v2\/media\/999"}],"wp:attachment":[{"href":"https:\/\/apollo-herkenrath.de\/en\/wp-json\/wp\/v2\/media?parent=1012"}],"wp:term":[{"taxonomy":"product_brand","embeddable":true,"href":"https:\/\/apollo-herkenrath.de\/en\/wp-json\/wp\/v2\/product_brand?post=1012"},{"taxonomy":"product_cat","embeddable":true,"href":"https:\/\/apollo-herkenrath.de\/en\/wp-json\/wp\/v2\/product_cat?post=1012"},{"taxonomy":"product_tag","embeddable":true,"href":"https:\/\/apollo-herkenrath.de\/en\/wp-json\/wp\/v2\/product_tag?post=1012"}],"curies":[{"name":"wp","href":"https:\/\/api.w.org\/{rel}","templated":true}]}}