{"id":1007,"date":"2018-06-07T10:59:12","date_gmt":"2018-06-07T08:59:12","guid":{"rendered":"https:\/\/dev.dernst.net\/?post_type=product&#038;p=1007"},"modified":"2018-06-07T10:59:12","modified_gmt":"2018-06-07T08:59:12","slug":"rollenschneider-kai-60","status":"publish","type":"product","link":"https:\/\/apollo-herkenrath.de\/en\/product\/rollenschneider-kai-60\/","title":{"rendered":"Rollenschneider Kai 60"},"content":{"rendered":"<ul>\n<li>Messer zum Schneiden von Textilien<\/li>\n<li>mit Klingenschutz<\/li>\n<li>best\u00fcckt mit einer Rundklinge Nr. ROL60<\/li>\n<li>f\u00fcr Rechts- und Linksh\u00e4nder geeignet<\/li>\n<\/ul>","protected":false},"excerpt":{"rendered":"<p>Messer zum Schneiden von Textilien mit Klingenschutz best\u00fcckt mit einer Rundklinge Nr. ROL60 f\u00fcr Rechts- und Linksh\u00e4nder geeignet<\/p>","protected":false},"featured_media":1008,"template":"","meta":[],"product_brand":[],"product_cat":[28,210],"product_tag":[],"class_list":{"0":"post-1007","1":"product","2":"type-product","3":"status-publish","4":"has-post-thumbnail","6":"product_cat-produkte","7":"product_cat-spezialmesser","9":"first","10":"instock","11":"shipping-taxable","12":"purchasable","13":"product-type-simple"},"aioseo_notices":[],"_links":{"self":[{"href":"https:\/\/apollo-herkenrath.de\/en\/wp-json\/wp\/v2\/product\/1007","targetHints":{"allow":["GET"]}}],"collection":[{"href":"https:\/\/apollo-herkenrath.de\/en\/wp-json\/wp\/v2\/product"}],"about":[{"href":"https:\/\/apollo-herkenrath.de\/en\/wp-json\/wp\/v2\/types\/product"}],"wp:featuredmedia":[{"embeddable":true,"href":"https:\/\/apollo-herkenrath.de\/en\/wp-json\/wp\/v2\/media\/1008"}],"wp:attachment":[{"href":"https:\/\/apollo-herkenrath.de\/en\/wp-json\/wp\/v2\/media?parent=1007"}],"wp:term":[{"taxonomy":"product_brand","embeddable":true,"href":"https:\/\/apollo-herkenrath.de\/en\/wp-json\/wp\/v2\/product_brand?post=1007"},{"taxonomy":"product_cat","embeddable":true,"href":"https:\/\/apollo-herkenrath.de\/en\/wp-json\/wp\/v2\/product_cat?post=1007"},{"taxonomy":"product_tag","embeddable":true,"href":"https:\/\/apollo-herkenrath.de\/en\/wp-json\/wp\/v2\/product_tag?post=1007"}],"curies":[{"name":"wp","href":"https:\/\/api.w.org\/{rel}","templated":true}]}}