{"id":10,"date":"2018-03-26T21:42:06","date_gmt":"2018-03-26T19:42:06","guid":{"rendered":"https:\/\/dev.dernst.net\/?post_type=product&#038;p=10"},"modified":"2018-04-23T09:28:56","modified_gmt":"2018-04-23T07:28:56","slug":"einwegsicherheitsmesser-canelai","status":"publish","type":"product","link":"https:\/\/apollo-herkenrath.de\/en\/product\/einwegsicherheitsmesser-canelai\/","title":{"rendered":"Einwegsicherheitsmesser Canelai"},"content":{"rendered":"<ul>\n<li>sehr leichtes Sicherheitmesser mit einziehbarer Klinge<\/li>\n<li>Klingenaustritt auf 6 mm begrenzt, wodurch der Inhalt in Kartons nicht besch\u00e4digt wird<\/li>\n<li>Klingenwechsel nicht m\u00f6glich<\/li>\n<li>f\u00fcr Rechts- und Linksh\u00e4nder geeignet<\/li>\n<\/ul>","protected":false},"excerpt":{"rendered":"<p>sehr leichtes Sicherheitmesser mit einziehbarer Klinge Klingenaustritt auf 6 mm begrenzt, wodurch der Inhalt in Kartons nicht besch\u00e4digt wird Klingenwechsel nicht m\u00f6glich f\u00fcr Rechts- und Linksh\u00e4nder geeignet<\/p>","protected":false},"featured_media":13,"template":"","meta":[],"product_brand":[],"product_cat":[20,28,19],"product_tag":[],"class_list":{"0":"post-10","1":"product","2":"type-product","3":"status-publish","4":"has-post-thumbnail","6":"product_cat-kartonoeffner","7":"product_cat-produkte","8":"product_cat-sicherheitsmesser","10":"first","11":"instock","12":"shipping-taxable","13":"product-type-simple"},"aioseo_notices":[],"_links":{"self":[{"href":"https:\/\/apollo-herkenrath.de\/en\/wp-json\/wp\/v2\/product\/10","targetHints":{"allow":["GET"]}}],"collection":[{"href":"https:\/\/apollo-herkenrath.de\/en\/wp-json\/wp\/v2\/product"}],"about":[{"href":"https:\/\/apollo-herkenrath.de\/en\/wp-json\/wp\/v2\/types\/product"}],"wp:featuredmedia":[{"embeddable":true,"href":"https:\/\/apollo-herkenrath.de\/en\/wp-json\/wp\/v2\/media\/13"}],"wp:attachment":[{"href":"https:\/\/apollo-herkenrath.de\/en\/wp-json\/wp\/v2\/media?parent=10"}],"wp:term":[{"taxonomy":"product_brand","embeddable":true,"href":"https:\/\/apollo-herkenrath.de\/en\/wp-json\/wp\/v2\/product_brand?post=10"},{"taxonomy":"product_cat","embeddable":true,"href":"https:\/\/apollo-herkenrath.de\/en\/wp-json\/wp\/v2\/product_cat?post=10"},{"taxonomy":"product_tag","embeddable":true,"href":"https:\/\/apollo-herkenrath.de\/en\/wp-json\/wp\/v2\/product_tag?post=10"}],"curies":[{"name":"wp","href":"https:\/\/api.w.org\/{rel}","templated":true}]}}