{"id":78,"date":"2018-04-03T21:16:04","date_gmt":"2018-04-03T19:16:04","guid":{"rendered":"https:\/\/dev.dernst.net\/?page_id=78"},"modified":"2018-04-20T11:14:42","modified_gmt":"2018-04-20T09:14:42","slug":"oekologische-verantwortung","status":"publish","type":"page","link":"https:\/\/apollo-herkenrath.de\/en\/ueber-uns-2\/oekologische-verantwortung\/","title":{"rendered":"\u00d6kologische Verantwortung"},"content":{"rendered":"<p>Aus \u00f6kologischen Gr\u00fcnden haben wir uns 2011 zur Installation einer Photovoltaik-Anlage entschlossen. Hierdurch k\u00f6nnen wir weitestgehend auf selbstproduzierten Strom zur\u00fcckgreifen.<\/p>\n<p>Anfang 2013 haben wir als Weiterentwicklung des \u00f6kologischen Gedankens die H\u00e4lfte unseres Fuhrparks auf Erdgas umgestellt. Der Rest soll schnellstm\u00f6glich folgen.<\/p>\n<p>Mit dem Einbau einer Holzscheitheizanlage m\u00f6chten wir die Umstellung auf regenerative Technik vervollst\u00e4ndigen. Auch dieses Projekt wollen wir in naher Zukunft in Angriff nehmen.<\/p>","protected":false},"excerpt":{"rendered":"<p>Aus \u00f6kologischen Gr\u00fcnden haben wir uns 2011 zur Installation einer Photovoltaik-Anlage entschlossen. Hierdurch k\u00f6nnen wir weitestgehend auf selbstproduzierten Strom zur\u00fcckgreifen. Anfang 2013 haben wir als Weiterentwicklung des \u00f6kologischen Gedankens die H\u00e4lfte unseres Fuhrparks auf Erdgas umgestellt. Der Rest soll schnellstm\u00f6glich folgen. Mit dem Einbau einer Holzscheitheizanlage m\u00f6chten wir die Umstellung auf regenerative Technik vervollst\u00e4ndigen. Auch [&hellip;]<\/p>\n","protected":false},"author":3,"featured_media":0,"parent":88,"menu_order":0,"comment_status":"closed","ping_status":"closed","template":"","meta":{"footnotes":""},"class_list":["post-78","page","type-page","status-publish","hentry"],"aioseo_notices":[],"_links":{"self":[{"href":"https:\/\/apollo-herkenrath.de\/en\/wp-json\/wp\/v2\/pages\/78","targetHints":{"allow":["GET"]}}],"collection":[{"href":"https:\/\/apollo-herkenrath.de\/en\/wp-json\/wp\/v2\/pages"}],"about":[{"href":"https:\/\/apollo-herkenrath.de\/en\/wp-json\/wp\/v2\/types\/page"}],"author":[{"embeddable":true,"href":"https:\/\/apollo-herkenrath.de\/en\/wp-json\/wp\/v2\/users\/3"}],"replies":[{"embeddable":true,"href":"https:\/\/apollo-herkenrath.de\/en\/wp-json\/wp\/v2\/comments?post=78"}],"version-history":[{"count":1,"href":"https:\/\/apollo-herkenrath.de\/en\/wp-json\/wp\/v2\/pages\/78\/revisions"}],"predecessor-version":[{"id":80,"href":"https:\/\/apollo-herkenrath.de\/en\/wp-json\/wp\/v2\/pages\/78\/revisions\/80"}],"up":[{"embeddable":true,"href":"https:\/\/apollo-herkenrath.de\/en\/wp-json\/wp\/v2\/pages\/88"}],"wp:attachment":[{"href":"https:\/\/apollo-herkenrath.de\/en\/wp-json\/wp\/v2\/media?parent=78"}],"curies":[{"name":"wp","href":"https:\/\/api.w.org\/{rel}","templated":true}]}}