{"id":71,"date":"2018-04-03T21:15:05","date_gmt":"2018-04-03T19:15:05","guid":{"rendered":"https:\/\/dev.dernst.net\/?page_id=71"},"modified":"2019-09-15T02:25:53","modified_gmt":"2019-09-15T00:25:53","slug":"impressum","status":"publish","type":"page","link":"https:\/\/apollo-herkenrath.de\/en\/ueber-uns-2\/impressum\/","title":{"rendered":"Impressum"},"content":{"rendered":"<div style=\"text-align: center;\">Apollo Herkenrath GmbH &amp; Co. KG<br \/>\nEifelstra\u00dfe 34<br \/>\n42699 Solingen<br \/>\nTelefon: (02 12) 33 10 43<br \/>\nTelefax: (02 12) 33 23 74<br \/>\nEmail: <a href=\"mailto:info@apollo-herkenrath.de\">info@apollo-herkenrath.de<\/a><span id=\"cloak1c774742f23c962dd554d408c4f72b9c\"><\/span><\/p>\n<p style=\"text-align: center;\">Gesch\u00e4ftsf\u00fchrer: Christian Bader<br \/>\nKomplement\u00e4rin: Herkenrath-Beteiligungs-GmbH<br \/>\nAmtsgericht: Solingen HRB 4767<br \/>\nSteuer-Nr.: 5129\/5700\/0129<br \/>\nUSt.-Id.-Nr.: DE 120 886 069<\/p>\n<p style=\"text-align: left;\">Gew\u00e4hrleistungsausschluss:<br \/>\nDie Inhalte auf der Website der Apollo Herkenrath GmbH &amp; Co. KG wurden sorgf\u00e4ltig \u00fcberpr\u00fcft und beruhen auf dem jeweils aktuellen Stand. Trotz st\u00e4ndiger \u00dcberarbeitung der Website kann eine Haftung oder Garantie f\u00fcr Aktualit\u00e4t, Richtigkeit und Vollst\u00e4ndigkeit der bereitgestellten Informationen nicht \u00fcbernommen werden. Die auf der Website zur Verf\u00fcgung gestellten Dokumente und Grafiken k\u00f6nnen Ungenauigkeiten und typografische Fehler enthalten. Die Apollo Herkenrath GmbH &amp; Co. KG beh\u00e4lt sich daher vor, jederzeit und ohne Vorank\u00fcndigung Dokumente und Grafiken zu korrigieren und aktualisieren.<\/p>\n<p style=\"text-align: left;\">Links zu anderen Websites:<br \/>\nWenn Sie den \u00fcber diese Seiten erreichbaren Links folgen, verlassen Sie das Angebot der Apollo Herkenrath GmbH &amp; Co. KG. Die Apollo Herkenrath GmbH &amp; Co. KG \u00fcbernimmt weder die Verantwortung f\u00fcr die Richtigkeit der auf der angesteuerten Website bereitgestellten Informationen, noch macht sie sich deren Inhalt zu Eigen oder teilt unbedingt die dort vertretenen Meinungen. Diese Erkl\u00e4rung gilt f\u00fcr alle Links und f\u00fcr alle Inhalte der Seiten, zu den die bei der Apollo Herkenrath GmbH &amp; Co. KG angemeldeten Banner und Links f\u00fchren. Die Apollo Herkenrath GmbH &amp; Co. KG \u00fcbernimmt insoweit keine Haftung.<\/p>\n<p style=\"text-align: left;\">Haftungsausschluss:<br \/>\nSoweit nicht zwingende gesetzliche Regelungen oder andere ausdr\u00fcckliche Vereinbarungen entgegen stehen, \u00fcbernimmt die Apollo Herkenrath GmbH &amp; Co. KG keine Haftung f\u00fcr irgendwelche direkten, indirekten Sch\u00e4den, Folgesch\u00e4den oder sonstige Sch\u00e4den, die sich aus der Nutzung dieser oder einer damit verlinkten Website ergeben.<\/p>\n<p style=\"text-align: left;\">Copyright:<br \/>\nInhalte, Gestaltung und Struktur sind gedankliches Eigentum der Apollo Herkenrath GmbH &amp; Co. KG und urheberrechtlich gesch\u00fctzt. Die Vervielf\u00e4ltigung oder die Verwendung von Texten, Textteilen, Bildern oder Logos bedarf der vorherigen Zustimmung der Apollo Herkenrath GmbH &amp; Co. KG.<\/p>\n<\/div>\n<p>Anwendbares Recht:<br \/>\nF\u00fcr die Nutzung der Website gilt ausschlie\u00dflich deutsches Recht.<\/p>","protected":false},"excerpt":{"rendered":"<p>Apollo Herkenrath GmbH &amp; Co. KG Eifelstra\u00dfe 34 42699 Solingen Telefon: (02 12) 33 10 43 Telefax: (02 12) 33 23 74 Email: info@apollo-herkenrath.de Gesch\u00e4ftsf\u00fchrer: Christian Bader Komplement\u00e4rin: Herkenrath-Beteiligungs-GmbH Amtsgericht: Solingen HRB 4767 Steuer-Nr.: 5129\/5700\/0129 USt.-Id.-Nr.: DE 120 886 069 Gew\u00e4hrleistungsausschluss: Die Inhalte auf der Website der Apollo Herkenrath GmbH &amp; Co. KG wurden sorgf\u00e4ltig [&hellip;]<\/p>\n","protected":false},"author":3,"featured_media":0,"parent":88,"menu_order":0,"comment_status":"closed","ping_status":"closed","template":"","meta":{"footnotes":""},"class_list":["post-71","page","type-page","status-publish","hentry"],"aioseo_notices":[],"_links":{"self":[{"href":"https:\/\/apollo-herkenrath.de\/en\/wp-json\/wp\/v2\/pages\/71","targetHints":{"allow":["GET"]}}],"collection":[{"href":"https:\/\/apollo-herkenrath.de\/en\/wp-json\/wp\/v2\/pages"}],"about":[{"href":"https:\/\/apollo-herkenrath.de\/en\/wp-json\/wp\/v2\/types\/page"}],"author":[{"embeddable":true,"href":"https:\/\/apollo-herkenrath.de\/en\/wp-json\/wp\/v2\/users\/3"}],"replies":[{"embeddable":true,"href":"https:\/\/apollo-herkenrath.de\/en\/wp-json\/wp\/v2\/comments?post=71"}],"version-history":[{"count":3,"href":"https:\/\/apollo-herkenrath.de\/en\/wp-json\/wp\/v2\/pages\/71\/revisions"}],"predecessor-version":[{"id":1782,"href":"https:\/\/apollo-herkenrath.de\/en\/wp-json\/wp\/v2\/pages\/71\/revisions\/1782"}],"up":[{"embeddable":true,"href":"https:\/\/apollo-herkenrath.de\/en\/wp-json\/wp\/v2\/pages\/88"}],"wp:attachment":[{"href":"https:\/\/apollo-herkenrath.de\/en\/wp-json\/wp\/v2\/media?parent=71"}],"curies":[{"name":"wp","href":"https:\/\/api.w.org\/{rel}","templated":true}]}}