{"id":998,"date":"2018-06-07T10:55:54","date_gmt":"2018-06-07T08:55:54","guid":{"rendered":"https:\/\/dev.dernst.net\/?post_type=product&#038;p=998"},"modified":"2018-10-09T10:57:15","modified_gmt":"2018-10-09T08:57:15","slug":"entgratemesser-ceradronne-ungeschaerft","status":"publish","type":"product","link":"https:\/\/apollo-herkenrath.de\/de\/produkt\/entgratemesser-ceradronne-ungeschaerft\/","title":{"rendered":"Entgratemesser Ceradronne ungesch\u00e4rft"},"content":{"rendered":"<ul>\n<li>mit Schutzkappe<\/li>\n<li>die runde Form erm\u00f6glicht das Innen- und Aussenentgraten<\/li>\n<li>best\u00fcckt mit einer nicht gesch\u00e4rften Keramikklinge Nr. 880-14<\/li>\n<li>Klingenwechsel ohne Werkzeug mittels R\u00e4ndelschraube<\/li>\n<li>f\u00fcr Rechts- und Linksh\u00e4nder geeignet<\/li>\n<\/ul>\n","protected":false},"excerpt":{"rendered":"<p>mit Schutzkappe die runde Form erm\u00f6glicht das Innen- und Aussenentgraten best\u00fcckt mit einer nicht gesch\u00e4rften Keramikklinge Nr. 880-14 Klingenwechsel ohne Werkzeug mittels R\u00e4ndelschraube f\u00fcr Rechts- und Linksh\u00e4nder geeignet<\/p>\n","protected":false},"featured_media":999,"template":"","meta":[],"product_brand":[],"product_cat":[219,28,210],"product_tag":[],"class_list":{"0":"post-998","1":"product","2":"type-product","3":"status-publish","4":"has-post-thumbnail","6":"product_cat-messer-zum-entgraten","7":"product_cat-produkte","8":"product_cat-spezialmesser","10":"first","11":"instock","12":"shipping-taxable","13":"purchasable","14":"product-type-simple"},"aioseo_notices":[],"_links":{"self":[{"href":"https:\/\/apollo-herkenrath.de\/de\/wp-json\/wp\/v2\/product\/998","targetHints":{"allow":["GET"]}}],"collection":[{"href":"https:\/\/apollo-herkenrath.de\/de\/wp-json\/wp\/v2\/product"}],"about":[{"href":"https:\/\/apollo-herkenrath.de\/de\/wp-json\/wp\/v2\/types\/product"}],"wp:featuredmedia":[{"embeddable":true,"href":"https:\/\/apollo-herkenrath.de\/de\/wp-json\/wp\/v2\/media\/999"}],"wp:attachment":[{"href":"https:\/\/apollo-herkenrath.de\/de\/wp-json\/wp\/v2\/media?parent=998"}],"wp:term":[{"taxonomy":"product_brand","embeddable":true,"href":"https:\/\/apollo-herkenrath.de\/de\/wp-json\/wp\/v2\/product_brand?post=998"},{"taxonomy":"product_cat","embeddable":true,"href":"https:\/\/apollo-herkenrath.de\/de\/wp-json\/wp\/v2\/product_cat?post=998"},{"taxonomy":"product_tag","embeddable":true,"href":"https:\/\/apollo-herkenrath.de\/de\/wp-json\/wp\/v2\/product_tag?post=998"}],"curies":[{"name":"wp","href":"https:\/\/api.w.org\/{rel}","templated":true}]}}