{"id":993,"date":"2018-06-07T10:53:09","date_gmt":"2018-06-07T08:53:09","guid":{"rendered":"https:\/\/dev.dernst.net\/?post_type=product&#038;p=993"},"modified":"2018-06-07T10:53:09","modified_gmt":"2018-06-07T08:53:09","slug":"sicherheitsmesser-pyla-ald","status":"publish","type":"product","link":"https:\/\/apollo-herkenrath.de\/de\/produkt\/sicherheitsmesser-pyla-ald\/","title":{"rendered":"Sicherheitsmesser Pyla ALD"},"content":{"rendered":"<ul>\n<li>leichtes Sicherheitmesser aus Kunststoff<\/li>\n<li>metalldetektierbar, f\u00fcr die Lebensmittelindustrie<\/li>\n<li>zum Schneiden von Klebeband, Schaumstoff und Polyuretane<\/li>\n<li>kein Schnittrisiko f\u00fcr den Benutzer<\/li>\n<li>best\u00fcckt mit einer 65 mm langen Trapezklinge Nr. 253.14.20 N ALD aus Kunststoff<\/li>\n<li>schneller Klingenwechsel ohne Werkzeug<\/li>\n<li>F\u00fcr Rechts- und Linksh\u00e4nder geeignet<\/li>\n<\/ul>\n","protected":false},"excerpt":{"rendered":"<p>leichtes Sicherheitmesser aus Kunststoff metalldetektierbar, f\u00fcr die Lebensmittelindustrie zum Schneiden von Klebeband, Schaumstoff und Polyuretane kein Schnittrisiko f\u00fcr den Benutzer best\u00fcckt mit einer 65 mm langen Trapezklinge Nr. 253.14.20 N ALD aus Kunststoff schneller Klingenwechsel ohne Werkzeug F\u00fcr Rechts- und Linksh\u00e4nder geeignet<\/p>\n","protected":false},"featured_media":994,"template":"","meta":[],"product_brand":[],"product_cat":[209,28],"product_tag":[],"class_list":{"0":"post-993","1":"product","2":"type-product","3":"status-publish","4":"has-post-thumbnail","6":"product_cat-messer-aus-detektierbarem-kunststoff","7":"product_cat-produkte","9":"first","10":"instock","11":"shipping-taxable","12":"purchasable","13":"product-type-simple"},"aioseo_notices":[],"_links":{"self":[{"href":"https:\/\/apollo-herkenrath.de\/de\/wp-json\/wp\/v2\/product\/993","targetHints":{"allow":["GET"]}}],"collection":[{"href":"https:\/\/apollo-herkenrath.de\/de\/wp-json\/wp\/v2\/product"}],"about":[{"href":"https:\/\/apollo-herkenrath.de\/de\/wp-json\/wp\/v2\/types\/product"}],"wp:featuredmedia":[{"embeddable":true,"href":"https:\/\/apollo-herkenrath.de\/de\/wp-json\/wp\/v2\/media\/994"}],"wp:attachment":[{"href":"https:\/\/apollo-herkenrath.de\/de\/wp-json\/wp\/v2\/media?parent=993"}],"wp:term":[{"taxonomy":"product_brand","embeddable":true,"href":"https:\/\/apollo-herkenrath.de\/de\/wp-json\/wp\/v2\/product_brand?post=993"},{"taxonomy":"product_cat","embeddable":true,"href":"https:\/\/apollo-herkenrath.de\/de\/wp-json\/wp\/v2\/product_cat?post=993"},{"taxonomy":"product_tag","embeddable":true,"href":"https:\/\/apollo-herkenrath.de\/de\/wp-json\/wp\/v2\/product_tag?post=993"}],"curies":[{"name":"wp","href":"https:\/\/api.w.org\/{rel}","templated":true}]}}