{"id":989,"date":"2018-06-07T10:44:42","date_gmt":"2018-06-07T08:44:42","guid":{"rendered":"https:\/\/dev.dernst.net\/?post_type=product&#038;p=989"},"modified":"2026-03-29T17:59:56","modified_gmt":"2026-03-29T15:59:56","slug":"griff-porge-passend-zu-carene-carsac-ald","status":"publish","type":"product","link":"https:\/\/apollo-herkenrath.de\/de\/produkt\/griff-porge-passend-zu-carene-carsac-ald\/","title":{"rendered":"Griff Porge, passend zu Carene + Carsac ALD"},"content":{"rendered":"<ul>\n<li>ergonomischer Griff f\u00fcr die Sicherheitsmesser Carene und Carsac<\/li>\n<li>erlaubt ein erm\u00fcdungsfreies Arbeiten<\/li>\n<li>metalldetektierbar, f\u00fcr die Lebensmittelindustrie geeignet<\/li>\n<\/ul>\n","protected":false},"excerpt":{"rendered":"<p>ergonomischer Griff f\u00fcr die Sicherheitsmesser Carene und Carsac erlaubt ein erm\u00fcdungsfreies Arbeiten metalldetektierbar, f\u00fcr die Lebensmittelindustrie geeignet<\/p>\n","protected":false},"featured_media":2146,"template":"","meta":[],"product_brand":[],"product_cat":[208,209,28,211],"product_tag":[],"class_list":{"0":"post-989","1":"product","2":"type-product","3":"status-publish","4":"has-post-thumbnail","6":"product_cat-folienschneider","7":"product_cat-messer-aus-detektierbarem-kunststoff","8":"product_cat-produkte","9":"product_cat-zubehoer-fuer-sicherheitsmesser","11":"first","12":"instock","13":"shipping-taxable","14":"purchasable","15":"product-type-simple"},"aioseo_notices":[],"_links":{"self":[{"href":"https:\/\/apollo-herkenrath.de\/de\/wp-json\/wp\/v2\/product\/989","targetHints":{"allow":["GET"]}}],"collection":[{"href":"https:\/\/apollo-herkenrath.de\/de\/wp-json\/wp\/v2\/product"}],"about":[{"href":"https:\/\/apollo-herkenrath.de\/de\/wp-json\/wp\/v2\/types\/product"}],"wp:featuredmedia":[{"embeddable":true,"href":"https:\/\/apollo-herkenrath.de\/de\/wp-json\/wp\/v2\/media\/2146"}],"wp:attachment":[{"href":"https:\/\/apollo-herkenrath.de\/de\/wp-json\/wp\/v2\/media?parent=989"}],"wp:term":[{"taxonomy":"product_brand","embeddable":true,"href":"https:\/\/apollo-herkenrath.de\/de\/wp-json\/wp\/v2\/product_brand?post=989"},{"taxonomy":"product_cat","embeddable":true,"href":"https:\/\/apollo-herkenrath.de\/de\/wp-json\/wp\/v2\/product_cat?post=989"},{"taxonomy":"product_tag","embeddable":true,"href":"https:\/\/apollo-herkenrath.de\/de\/wp-json\/wp\/v2\/product_tag?post=989"}],"curies":[{"name":"wp","href":"https:\/\/api.w.org\/{rel}","templated":true}]}}