{"id":920,"date":"2018-05-31T12:35:57","date_gmt":"2018-05-31T10:35:57","guid":{"rendered":"https:\/\/dev.dernst.net\/?post_type=product&#038;p=920"},"modified":"2026-03-29T19:02:16","modified_gmt":"2026-03-29T17:02:16","slug":"sicherheitsmesser-jalle-ald","status":"publish","type":"product","link":"https:\/\/apollo-herkenrath.de\/de\/produkt\/sicherheitsmesser-jalle-ald\/","title":{"rendered":"Sicherheitsmesser Jalle ALD"},"content":{"rendered":"<ul>\n<li>Sicherheitsmesser mit zwei Funktionen<\/li>\n<li>auf der einen Seite mit automatisch einziehbarer Klinge, auf der anderen Seite zum Schneiden von Folien und B\u00e4ndern<\/li>\n<li>GS-gepr\u00fcft<\/li>\n<li>metalldetektierbar, f\u00fcr die Lebensmittelindustrie<\/li>\n<li>best\u00fcckt mit einer Brief\u00f6ffnerklinge Nr. 489.3 AL und einer Trapezklinge Nr. 452.6 AL<\/li>\n<li>Klingenwechsel ohne Werkzeug<\/li>\n<li>F\u00fcr Rechts- und Linksh\u00e4nder geeignet<\/li>\n<\/ul>\n","protected":false},"excerpt":{"rendered":"<p>Sicherheitsmesser mit zwei Funktionen auf der einen Seite mit automatisch einziehbarer Klinge, auf der anderen Seite zum Schneiden von Folien und B\u00e4ndern GS-gepr\u00fcft metalldetektierbar, f\u00fcr die Lebensmittelindustrie best\u00fcckt mit einer Brief\u00f6ffnerklinge Nr. 489.3 AL und einer Trapezklinge Nr. 452.6 AL Klingenwechsel ohne Werkzeug F\u00fcr Rechts- und Linksh\u00e4nder geeignet<\/p>\n","protected":false},"featured_media":2184,"template":"","meta":[],"product_brand":[],"product_cat":[208,20,209,28],"product_tag":[],"class_list":{"0":"post-920","1":"product","2":"type-product","3":"status-publish","4":"has-post-thumbnail","6":"product_cat-folienschneider","7":"product_cat-kartonoeffner","8":"product_cat-messer-aus-detektierbarem-kunststoff","9":"product_cat-produkte","11":"first","12":"instock","13":"shipping-taxable","14":"purchasable","15":"product-type-simple"},"aioseo_notices":[],"_links":{"self":[{"href":"https:\/\/apollo-herkenrath.de\/de\/wp-json\/wp\/v2\/product\/920","targetHints":{"allow":["GET"]}}],"collection":[{"href":"https:\/\/apollo-herkenrath.de\/de\/wp-json\/wp\/v2\/product"}],"about":[{"href":"https:\/\/apollo-herkenrath.de\/de\/wp-json\/wp\/v2\/types\/product"}],"wp:featuredmedia":[{"embeddable":true,"href":"https:\/\/apollo-herkenrath.de\/de\/wp-json\/wp\/v2\/media\/2184"}],"wp:attachment":[{"href":"https:\/\/apollo-herkenrath.de\/de\/wp-json\/wp\/v2\/media?parent=920"}],"wp:term":[{"taxonomy":"product_brand","embeddable":true,"href":"https:\/\/apollo-herkenrath.de\/de\/wp-json\/wp\/v2\/product_brand?post=920"},{"taxonomy":"product_cat","embeddable":true,"href":"https:\/\/apollo-herkenrath.de\/de\/wp-json\/wp\/v2\/product_cat?post=920"},{"taxonomy":"product_tag","embeddable":true,"href":"https:\/\/apollo-herkenrath.de\/de\/wp-json\/wp\/v2\/product_tag?post=920"}],"curies":[{"name":"wp","href":"https:\/\/api.w.org\/{rel}","templated":true}]}}