{"id":918,"date":"2018-05-31T12:34:41","date_gmt":"2018-05-31T10:34:41","guid":{"rendered":"https:\/\/dev.dernst.net\/?post_type=product&#038;p=918"},"modified":"2026-03-14T19:26:43","modified_gmt":"2026-03-14T18:26:43","slug":"sicherheitsmesser-jalle","status":"publish","type":"product","link":"https:\/\/apollo-herkenrath.de\/de\/produkt\/sicherheitsmesser-jalle\/","title":{"rendered":"Sicherheitsmesser Jalle"},"content":{"rendered":"<ul>\n<li>Sicherheitsmesser mit zwei Funktionen<\/li>\n<li>auf der einen Seite mit automatisch einziehbarer Klinge, auf der anderen Seite zum Schneiden von Folien und B\u00e4ndern<\/li>\n<\/ul>\n<ul>\n<li>GS-gepr\u00fcft<\/li>\n<li>best\u00fcckt mit einer Brief\u00f6ffnerklinge Nr. 12-315-041 und einer Trapezklinge Nr.06-048-041<\/li>\n<li>Klingenwechsel ohne Werkzeug<\/li>\n<li>F\u00fcr Rechts- und Linksh\u00e4nder geeignet<\/li>\n<\/ul>\n","protected":false},"excerpt":{"rendered":"<p>Sicherheitsmesser mit zwei Funktionen auf der einen Seite mit automatisch einziehbarer Klinge, auf der anderen Seite zum Schneiden von Folien und B\u00e4ndern GS-gepr\u00fcft best\u00fcckt mit einer Brief\u00f6ffnerklinge Nr. 12-315-041 und einer Trapezklinge Nr.06-048-041 Klingenwechsel ohne Werkzeug F\u00fcr Rechts- und Linksh\u00e4nder geeignet<\/p>\n","protected":false},"featured_media":2079,"template":"","meta":[],"product_brand":[],"product_cat":[208,20,28],"product_tag":[],"class_list":{"0":"post-918","1":"product","2":"type-product","3":"status-publish","4":"has-post-thumbnail","6":"product_cat-folienschneider","7":"product_cat-kartonoeffner","8":"product_cat-produkte","10":"first","11":"instock","12":"shipping-taxable","13":"purchasable","14":"product-type-simple"},"aioseo_notices":[],"_links":{"self":[{"href":"https:\/\/apollo-herkenrath.de\/de\/wp-json\/wp\/v2\/product\/918","targetHints":{"allow":["GET"]}}],"collection":[{"href":"https:\/\/apollo-herkenrath.de\/de\/wp-json\/wp\/v2\/product"}],"about":[{"href":"https:\/\/apollo-herkenrath.de\/de\/wp-json\/wp\/v2\/types\/product"}],"wp:featuredmedia":[{"embeddable":true,"href":"https:\/\/apollo-herkenrath.de\/de\/wp-json\/wp\/v2\/media\/2079"}],"wp:attachment":[{"href":"https:\/\/apollo-herkenrath.de\/de\/wp-json\/wp\/v2\/media?parent=918"}],"wp:term":[{"taxonomy":"product_brand","embeddable":true,"href":"https:\/\/apollo-herkenrath.de\/de\/wp-json\/wp\/v2\/product_brand?post=918"},{"taxonomy":"product_cat","embeddable":true,"href":"https:\/\/apollo-herkenrath.de\/de\/wp-json\/wp\/v2\/product_cat?post=918"},{"taxonomy":"product_tag","embeddable":true,"href":"https:\/\/apollo-herkenrath.de\/de\/wp-json\/wp\/v2\/product_tag?post=918"}],"curies":[{"name":"wp","href":"https:\/\/api.w.org\/{rel}","templated":true}]}}