{"id":904,"date":"2018-05-31T12:25:38","date_gmt":"2018-05-31T10:25:38","guid":{"rendered":"https:\/\/dev.dernst.net\/?post_type=product&#038;p=904"},"modified":"2026-03-14T19:40:08","modified_gmt":"2026-03-14T18:40:08","slug":"sicherheitsmesser-daedalos","status":"publish","type":"product","link":"https:\/\/apollo-herkenrath.de\/de\/produkt\/sicherheitsmesser-daedalos\/","title":{"rendered":"Sicherheitsmesser D\u00e4dalos"},"content":{"rendered":"<ul>\n<li>Blau lackiertes Sicherheitmesser aus Zinkdruckguss<\/li>\n<li>mit R\u00fcckholfeder<\/li>\n<li>GS-gepr\u00fcft<\/li>\n<li>durch den gro\u00dfen Schieber wird ein Abrutschen verhindert<\/li>\n<li>best\u00fcckt mit einer Trapezklinge Nr. 06-568-041<\/li>\n<li>F\u00fcr Rechts- und Linksh\u00e4nder geeignet<\/li>\n<li>vorr\u00e4tig bis Ersch\u00f6pfung des Lagers !<\/li>\n<\/ul>\n","protected":false},"excerpt":{"rendered":"<p>Blau lackiertes Sicherheitmesser aus Zinkdruckguss mit R\u00fcckholfeder GS-gepr\u00fcft durch den gro\u00dfen Schieber wird ein Abrutschen verhindert best\u00fcckt mit einer Trapezklinge Nr. 06-568-041 F\u00fcr Rechts- und Linksh\u00e4nder geeignet vorr\u00e4tig bis Ersch\u00f6pfung des Lagers !<\/p>\n","protected":false},"featured_media":907,"template":"","meta":[],"product_brand":[],"product_cat":[20,28],"product_tag":[],"class_list":{"0":"post-904","1":"product","2":"type-product","3":"status-publish","4":"has-post-thumbnail","6":"product_cat-kartonoeffner","7":"product_cat-produkte","9":"first","10":"instock","11":"shipping-taxable","12":"purchasable","13":"product-type-variable","14":"has-default-attributes"},"aioseo_notices":[],"_links":{"self":[{"href":"https:\/\/apollo-herkenrath.de\/de\/wp-json\/wp\/v2\/product\/904","targetHints":{"allow":["GET"]}}],"collection":[{"href":"https:\/\/apollo-herkenrath.de\/de\/wp-json\/wp\/v2\/product"}],"about":[{"href":"https:\/\/apollo-herkenrath.de\/de\/wp-json\/wp\/v2\/types\/product"}],"wp:featuredmedia":[{"embeddable":true,"href":"https:\/\/apollo-herkenrath.de\/de\/wp-json\/wp\/v2\/media\/907"}],"wp:attachment":[{"href":"https:\/\/apollo-herkenrath.de\/de\/wp-json\/wp\/v2\/media?parent=904"}],"wp:term":[{"taxonomy":"product_brand","embeddable":true,"href":"https:\/\/apollo-herkenrath.de\/de\/wp-json\/wp\/v2\/product_brand?post=904"},{"taxonomy":"product_cat","embeddable":true,"href":"https:\/\/apollo-herkenrath.de\/de\/wp-json\/wp\/v2\/product_cat?post=904"},{"taxonomy":"product_tag","embeddable":true,"href":"https:\/\/apollo-herkenrath.de\/de\/wp-json\/wp\/v2\/product_tag?post=904"}],"curies":[{"name":"wp","href":"https:\/\/api.w.org\/{rel}","templated":true}]}}