{"id":901,"date":"2018-05-31T12:21:40","date_gmt":"2018-05-31T10:21:40","guid":{"rendered":"https:\/\/dev.dernst.net\/?post_type=product&#038;p=901"},"modified":"2026-03-14T19:44:25","modified_gmt":"2026-03-14T18:44:25","slug":"sicherheitsmesser-chartron","status":"publish","type":"product","link":"https:\/\/apollo-herkenrath.de\/de\/produkt\/sicherheitsmesser-chartron\/","title":{"rendered":"Sicherheitsmesser Chartron"},"content":{"rendered":"<ul>\n<li>Speziell f\u00fcr das \u00d6ffnen von Kartonagen konzipiertes Sicherheitsmesser mit R\u00fcckholfeder und Sperre<\/li>\n<li>GS-gepr\u00fcft<\/li>\n<li>3 einstellbare Austrittsl\u00e4ngen von 6 mm, 12 mm oder 18 mm<\/li>\n<li>best\u00fcckt mit einer Trapezklinge Nr. 06-048-041<\/li>\n<li>Klingenwechsel ohne Werkzeug<\/li>\n<li>F\u00fcr Rechts- und Linksh\u00e4nder geeignet<\/li>\n<li>\u00a0EOL\u00a0 \u00a0 \u00a0 End of Life<\/li>\n<\/ul>\n","protected":false},"excerpt":{"rendered":"<p>End of Life<\/p>\n","protected":false},"featured_media":902,"template":"","meta":[],"product_brand":[],"product_cat":[20,28],"product_tag":[],"class_list":{"0":"post-901","1":"product","2":"type-product","3":"status-publish","4":"has-post-thumbnail","6":"product_cat-kartonoeffner","7":"product_cat-produkte","9":"first","10":"instock","11":"shipping-taxable","12":"purchasable","13":"product-type-simple"},"aioseo_notices":[],"_links":{"self":[{"href":"https:\/\/apollo-herkenrath.de\/de\/wp-json\/wp\/v2\/product\/901","targetHints":{"allow":["GET"]}}],"collection":[{"href":"https:\/\/apollo-herkenrath.de\/de\/wp-json\/wp\/v2\/product"}],"about":[{"href":"https:\/\/apollo-herkenrath.de\/de\/wp-json\/wp\/v2\/types\/product"}],"wp:featuredmedia":[{"embeddable":true,"href":"https:\/\/apollo-herkenrath.de\/de\/wp-json\/wp\/v2\/media\/902"}],"wp:attachment":[{"href":"https:\/\/apollo-herkenrath.de\/de\/wp-json\/wp\/v2\/media?parent=901"}],"wp:term":[{"taxonomy":"product_brand","embeddable":true,"href":"https:\/\/apollo-herkenrath.de\/de\/wp-json\/wp\/v2\/product_brand?post=901"},{"taxonomy":"product_cat","embeddable":true,"href":"https:\/\/apollo-herkenrath.de\/de\/wp-json\/wp\/v2\/product_cat?post=901"},{"taxonomy":"product_tag","embeddable":true,"href":"https:\/\/apollo-herkenrath.de\/de\/wp-json\/wp\/v2\/product_tag?post=901"}],"curies":[{"name":"wp","href":"https:\/\/api.w.org\/{rel}","templated":true}]}}