{"id":892,"date":"2018-05-31T12:04:42","date_gmt":"2018-05-31T10:04:42","guid":{"rendered":"https:\/\/dev.dernst.net\/?post_type=product&#038;p=892"},"modified":"2018-05-31T12:07:15","modified_gmt":"2018-05-31T10:07:15","slug":"sicherheitsmesser-arguin","status":"publish","type":"product","link":"https:\/\/apollo-herkenrath.de\/de\/produkt\/sicherheitsmesser-arguin\/","title":{"rendered":"Sicherheitsmesser Arguin"},"content":{"rendered":"<ul>\n<li>Speziell f\u00fcr das \u00d6ffnen von Kartonagen und Spannb\u00e4ndern konzipiertes Sicherheitmesser mit R\u00fcckholfeder<\/li>\n<li>Vorderteil besteht aus Zamac (Aluminiumlegierung)<\/li>\n<li>GS-gepr\u00fcft<\/li>\n<li>3 einstellbare Austrittsl\u00e4ngen<\/li>\n<li>best\u00fcckt mit einer Trapezklinge Nr. 06-048-041<\/li>\n<li>Klingenwechsel ohne Werkzeug<\/li>\n<li>f\u00fcr Rechts- und Linksh\u00e4nder geeignet<\/li>\n<\/ul>\n","protected":false},"excerpt":{"rendered":"<p>Speziell f\u00fcr das \u00d6ffnen von Kartonagen und Spannb\u00e4ndern konzipiertes Sicherheitmesser mit R\u00fcckholfeder Vorderteil besteht aus Zamac (Aluminiumlegierung) GS-gepr\u00fcft 3 einstellbare Austrittsl\u00e4ngen best\u00fcckt mit einer Trapezklinge Nr. 06-048-041 Klingenwechsel ohne Werkzeug f\u00fcr Rechts- und Linksh\u00e4nder geeignet<\/p>\n","protected":false},"featured_media":893,"template":"","meta":[],"product_brand":[],"product_cat":[20,28],"product_tag":[],"class_list":{"0":"post-892","1":"product","2":"type-product","3":"status-publish","4":"has-post-thumbnail","6":"product_cat-kartonoeffner","7":"product_cat-produkte","9":"first","10":"instock","11":"shipping-taxable","12":"purchasable","13":"product-type-simple"},"aioseo_notices":[],"_links":{"self":[{"href":"https:\/\/apollo-herkenrath.de\/de\/wp-json\/wp\/v2\/product\/892","targetHints":{"allow":["GET"]}}],"collection":[{"href":"https:\/\/apollo-herkenrath.de\/de\/wp-json\/wp\/v2\/product"}],"about":[{"href":"https:\/\/apollo-herkenrath.de\/de\/wp-json\/wp\/v2\/types\/product"}],"wp:featuredmedia":[{"embeddable":true,"href":"https:\/\/apollo-herkenrath.de\/de\/wp-json\/wp\/v2\/media\/893"}],"wp:attachment":[{"href":"https:\/\/apollo-herkenrath.de\/de\/wp-json\/wp\/v2\/media?parent=892"}],"wp:term":[{"taxonomy":"product_brand","embeddable":true,"href":"https:\/\/apollo-herkenrath.de\/de\/wp-json\/wp\/v2\/product_brand?post=892"},{"taxonomy":"product_cat","embeddable":true,"href":"https:\/\/apollo-herkenrath.de\/de\/wp-json\/wp\/v2\/product_cat?post=892"},{"taxonomy":"product_tag","embeddable":true,"href":"https:\/\/apollo-herkenrath.de\/de\/wp-json\/wp\/v2\/product_tag?post=892"}],"curies":[{"name":"wp","href":"https:\/\/api.w.org\/{rel}","templated":true}]}}