{"id":884,"date":"2018-05-31T11:45:45","date_gmt":"2018-05-31T09:45:45","guid":{"rendered":"https:\/\/dev.dernst.net\/?post_type=product&#038;p=884"},"modified":"2018-05-31T11:46:24","modified_gmt":"2018-05-31T09:46:24","slug":"kartonoeffner-gemel","status":"publish","type":"product","link":"https:\/\/apollo-herkenrath.de\/de\/produkt\/kartonoeffner-gemel\/","title":{"rendered":"Karton\u00f6ffner Gemel"},"content":{"rendered":"<ul>\n<li>leichtes Sicherheitmesser aus Kunststoff mit Metallklingenf\u00fchrung<\/li>\n<li>mit R\u00fcckholfeder<\/li>\n<li>GS-gepr\u00fcft<\/li>\n<li>best\u00fcckt mit einer 54 mm langen Trapezklinge Nr. 06-048-083<\/li>\n<li>Klingenaustrittsl\u00e4nge 14 mm<\/li>\n<li>bei Einsatz einer 60 mm langen Trapezklinge betr\u00e4gt die Austrittsl\u00e4nge 16 mm<\/li>\n<li>bei Einsatz einer 65 mm langen Trapezklinge betr\u00e4gt die Austrittsl\u00e4nge 20 mm<\/li>\n<li>schneller Klingenwechsel ohne Werkzeug<\/li>\n<li>F\u00fcr Rechts- und Linksh\u00e4nder geeignet<\/li>\n<\/ul>\n","protected":false},"excerpt":{"rendered":"<p>leichtes Sicherheitmesser aus Kunststoff mit Metallklingenf\u00fchrung mit R\u00fcckholfeder GS-gepr\u00fcft best\u00fcckt mit einer 54 mm langen Trapezklinge Nr. 06-048-083 Klingenaustrittsl\u00e4nge 14 mm bei Einsatz einer 60 mm langen Trapezklinge betr\u00e4gt die Austrittsl\u00e4nge 16 mm bei Einsatz einer 65 mm langen Trapezklinge betr\u00e4gt die Austrittsl\u00e4nge 20 mm schneller Klingenwechsel ohne Werkzeug F\u00fcr Rechts- und Linksh\u00e4nder geeignet<\/p>\n","protected":false},"featured_media":885,"template":"","meta":[],"product_brand":[],"product_cat":[20,28],"product_tag":[],"class_list":{"0":"post-884","1":"product","2":"type-product","3":"status-publish","4":"has-post-thumbnail","6":"product_cat-kartonoeffner","7":"product_cat-produkte","9":"first","10":"instock","11":"shipping-taxable","12":"purchasable","13":"product-type-simple"},"aioseo_notices":[],"_links":{"self":[{"href":"https:\/\/apollo-herkenrath.de\/de\/wp-json\/wp\/v2\/product\/884","targetHints":{"allow":["GET"]}}],"collection":[{"href":"https:\/\/apollo-herkenrath.de\/de\/wp-json\/wp\/v2\/product"}],"about":[{"href":"https:\/\/apollo-herkenrath.de\/de\/wp-json\/wp\/v2\/types\/product"}],"wp:featuredmedia":[{"embeddable":true,"href":"https:\/\/apollo-herkenrath.de\/de\/wp-json\/wp\/v2\/media\/885"}],"wp:attachment":[{"href":"https:\/\/apollo-herkenrath.de\/de\/wp-json\/wp\/v2\/media?parent=884"}],"wp:term":[{"taxonomy":"product_brand","embeddable":true,"href":"https:\/\/apollo-herkenrath.de\/de\/wp-json\/wp\/v2\/product_brand?post=884"},{"taxonomy":"product_cat","embeddable":true,"href":"https:\/\/apollo-herkenrath.de\/de\/wp-json\/wp\/v2\/product_cat?post=884"},{"taxonomy":"product_tag","embeddable":true,"href":"https:\/\/apollo-herkenrath.de\/de\/wp-json\/wp\/v2\/product_tag?post=884"}],"curies":[{"name":"wp","href":"https:\/\/api.w.org\/{rel}","templated":true}]}}