{"id":1835,"date":"2019-10-20T19:34:22","date_gmt":"2019-10-20T17:34:22","guid":{"rendered":"https:\/\/apollo-herkenrath.de\/?post_type=product&#038;p=1835"},"modified":"2019-10-20T19:34:23","modified_gmt":"2019-10-20T17:34:23","slug":"sicherheitsmesser-quairie","status":"publish","type":"product","link":"https:\/\/apollo-herkenrath.de\/de\/produkt\/sicherheitsmesser-quairie\/","title":{"rendered":"Sicherheitsmesser Quairie"},"content":{"rendered":"<ul>\n<li>Speziell f\u00fcr das \u00d6ffnen von Kartonagen konzipiertes Sicherheitsmesser mit R\u00fcckholfeder und Sperre<\/li>\n<li>GS-gepr\u00fcft<\/li>\n<li>3 einstellbare Austrittsl\u00e4ngen<\/li>\n<li>best\u00fcckt mit einer Trapezklinge Nr. 06-048-041<\/li>\n<li>Klingenwechsel ohne Werkzeug<\/li>\n<li>F\u00fcr Rechts- und Linksh\u00e4nder geeignet<\/li>\n<\/ul>\n","protected":false},"excerpt":{"rendered":"<p>Nachfolgeprodukt f\u00fcr Messer Chartron<\/p>\n","protected":false},"featured_media":1836,"template":"","meta":[],"product_brand":[],"product_cat":[20,30,19],"product_tag":[],"class_list":{"0":"post-1835","1":"product","2":"type-product","3":"status-publish","4":"has-post-thumbnail","6":"product_cat-kartonoeffner","7":"product_cat-neuheiten","8":"product_cat-sicherheitsmesser","10":"first","11":"instock","12":"shipping-taxable","13":"purchasable","14":"product-type-simple"},"aioseo_notices":[],"_links":{"self":[{"href":"https:\/\/apollo-herkenrath.de\/de\/wp-json\/wp\/v2\/product\/1835","targetHints":{"allow":["GET"]}}],"collection":[{"href":"https:\/\/apollo-herkenrath.de\/de\/wp-json\/wp\/v2\/product"}],"about":[{"href":"https:\/\/apollo-herkenrath.de\/de\/wp-json\/wp\/v2\/types\/product"}],"wp:featuredmedia":[{"embeddable":true,"href":"https:\/\/apollo-herkenrath.de\/de\/wp-json\/wp\/v2\/media\/1836"}],"wp:attachment":[{"href":"https:\/\/apollo-herkenrath.de\/de\/wp-json\/wp\/v2\/media?parent=1835"}],"wp:term":[{"taxonomy":"product_brand","embeddable":true,"href":"https:\/\/apollo-herkenrath.de\/de\/wp-json\/wp\/v2\/product_brand?post=1835"},{"taxonomy":"product_cat","embeddable":true,"href":"https:\/\/apollo-herkenrath.de\/de\/wp-json\/wp\/v2\/product_cat?post=1835"},{"taxonomy":"product_tag","embeddable":true,"href":"https:\/\/apollo-herkenrath.de\/de\/wp-json\/wp\/v2\/product_tag?post=1835"}],"curies":[{"name":"wp","href":"https:\/\/api.w.org\/{rel}","templated":true}]}}