{"id":1654,"date":"2018-11-03T13:40:38","date_gmt":"2018-11-03T12:40:38","guid":{"rendered":"https:\/\/dev.dernst.net\/?post_type=product&#038;p=1654"},"modified":"2026-03-14T14:46:57","modified_gmt":"2026-03-14T13:46:57","slug":"universalmesser-hermes","status":"publish","type":"product","link":"https:\/\/apollo-herkenrath.de\/de\/produkt\/universalmesser-hermes\/","title":{"rendered":"Universalmesser Hermes"},"content":{"rendered":"<p>Universalmesser aus Aluminium<\/p>\n<p>feststehende Klinge<\/p>\n<p>Lieferung erfolgt ohne Klinge, passende Trapezklinge Nr. 06-015-041<\/p>\n<p>Klingenwechsel mit Werkzeug<\/p>\n<p>f\u00fcr Rechtsh\u00e4nder geeignet<\/p>\n<p>vorr\u00e4tig bis Ersch\u00f6pfung des Lagers!<\/p>\n","protected":false},"excerpt":{"rendered":"<p>Universalmesser aus Aluminium feststehende Klinge Lieferung erfolgt ohne Klinge, passende Trapezklinge Nr. 06-015-041 Klingenwechsel mit Werkzeug f\u00fcr Rechtsh\u00e4nder geeignet vorr\u00e4tig bis Ersch\u00f6pfung des Lagers!<\/p>\n","protected":false},"featured_media":1655,"template":"","meta":[],"product_brand":[],"product_cat":[222],"product_tag":[],"class_list":{"0":"post-1654","1":"product","2":"type-product","3":"status-publish","4":"has-post-thumbnail","6":"product_cat-messer-mit-feststehender-klinge","8":"first","9":"instock","10":"shipping-taxable","11":"purchasable","12":"product-type-simple"},"aioseo_notices":[],"_links":{"self":[{"href":"https:\/\/apollo-herkenrath.de\/de\/wp-json\/wp\/v2\/product\/1654","targetHints":{"allow":["GET"]}}],"collection":[{"href":"https:\/\/apollo-herkenrath.de\/de\/wp-json\/wp\/v2\/product"}],"about":[{"href":"https:\/\/apollo-herkenrath.de\/de\/wp-json\/wp\/v2\/types\/product"}],"wp:featuredmedia":[{"embeddable":true,"href":"https:\/\/apollo-herkenrath.de\/de\/wp-json\/wp\/v2\/media\/1655"}],"wp:attachment":[{"href":"https:\/\/apollo-herkenrath.de\/de\/wp-json\/wp\/v2\/media?parent=1654"}],"wp:term":[{"taxonomy":"product_brand","embeddable":true,"href":"https:\/\/apollo-herkenrath.de\/de\/wp-json\/wp\/v2\/product_brand?post=1654"},{"taxonomy":"product_cat","embeddable":true,"href":"https:\/\/apollo-herkenrath.de\/de\/wp-json\/wp\/v2\/product_cat?post=1654"},{"taxonomy":"product_tag","embeddable":true,"href":"https:\/\/apollo-herkenrath.de\/de\/wp-json\/wp\/v2\/product_tag?post=1654"}],"curies":[{"name":"wp","href":"https:\/\/api.w.org\/{rel}","templated":true}]}}