{"id":1630,"date":"2018-10-25T09:49:19","date_gmt":"2018-10-25T07:49:19","guid":{"rendered":"https:\/\/dev.dernst.net\/?post_type=product&#038;p=1630"},"modified":"2018-10-25T09:49:20","modified_gmt":"2018-10-25T07:49:20","slug":"stanley-cutter-25-mm","status":"publish","type":"product","link":"https:\/\/apollo-herkenrath.de\/de\/produkt\/stanley-cutter-25-mm\/","title":{"rendered":"Stanley-Cutter 25 mm"},"content":{"rendered":"<p>Fixierung der Klinge durch Gewindeschraube f\u00fcr Sicherheit und Pr\u00e4zision beim Schneiden<\/p>\n<p>DynaGrip Griff aus Bi-Material f\u00fcr sicheres Arbeiten ohne Abrutschen<\/p>\n<p>best\u00fcckt mit Abbrechklinge Nr. 1-11-325<\/p>\n<p>0,7 mm starke Hochleistungsklinge f\u00fcr anspruchsvolle Anwendungen<\/p>\n<p>Klinge mit sechs abbrechbaren Segmenten (7 Klingenspitzen und &#8211; schneiden)<\/p>\n","protected":false},"excerpt":{"rendered":"<p>Fixierung der Klinge durch Gewindeschraube f\u00fcr Sicherheit und Pr\u00e4zision beim Schneiden DynaGrip Griff aus Bi-Material f\u00fcr sicheres Arbeiten ohne Abrutschen best\u00fcckt mit Abbrechklinge Nr. 1-11-325 0,7 mm starke Hochleistungsklinge f\u00fcr anspruchsvolle Anwendungen Klinge mit sechs abbrechbaren Segmenten (7 Klingenspitzen und &#8211; schneiden)<\/p>\n","protected":false},"featured_media":1631,"template":"","meta":[],"product_brand":[],"product_cat":[229,28],"product_tag":[],"class_list":{"0":"post-1630","1":"product","2":"type-product","3":"status-publish","4":"has-post-thumbnail","6":"product_cat-cuttermesser-25-mm","7":"product_cat-produkte","9":"first","10":"instock","11":"shipping-taxable","12":"purchasable","13":"product-type-simple"},"aioseo_notices":[],"_links":{"self":[{"href":"https:\/\/apollo-herkenrath.de\/de\/wp-json\/wp\/v2\/product\/1630","targetHints":{"allow":["GET"]}}],"collection":[{"href":"https:\/\/apollo-herkenrath.de\/de\/wp-json\/wp\/v2\/product"}],"about":[{"href":"https:\/\/apollo-herkenrath.de\/de\/wp-json\/wp\/v2\/types\/product"}],"wp:featuredmedia":[{"embeddable":true,"href":"https:\/\/apollo-herkenrath.de\/de\/wp-json\/wp\/v2\/media\/1631"}],"wp:attachment":[{"href":"https:\/\/apollo-herkenrath.de\/de\/wp-json\/wp\/v2\/media?parent=1630"}],"wp:term":[{"taxonomy":"product_brand","embeddable":true,"href":"https:\/\/apollo-herkenrath.de\/de\/wp-json\/wp\/v2\/product_brand?post=1630"},{"taxonomy":"product_cat","embeddable":true,"href":"https:\/\/apollo-herkenrath.de\/de\/wp-json\/wp\/v2\/product_cat?post=1630"},{"taxonomy":"product_tag","embeddable":true,"href":"https:\/\/apollo-herkenrath.de\/de\/wp-json\/wp\/v2\/product_tag?post=1630"}],"curies":[{"name":"wp","href":"https:\/\/api.w.org\/{rel}","templated":true}]}}