{"id":1165,"date":"2018-10-09T12:15:41","date_gmt":"2018-10-09T10:15:41","guid":{"rendered":"https:\/\/dev.dernst.net\/?post_type=product&#038;p=1165"},"modified":"2018-10-09T12:16:02","modified_gmt":"2018-10-09T10:16:02","slug":"stanley-cutter-fatmax-25-mm","status":"publish","type":"product","link":"https:\/\/apollo-herkenrath.de\/de\/produkt\/stanley-cutter-fatmax-25-mm\/","title":{"rendered":"Stanley-Cutter FatMax\u2122, 25 mm"},"content":{"rendered":"<ul class=\"feat_and_ben\">\n<li>Robuster Korpus aus druckgegossenem Aluminium mit rostfreiem Klingenlauf aus Stahl<\/li>\n<li>Schmales Design f\u00fcr optimale Kontrolle, pr\u00e4zises Schneiden und leichte Aufbewahrung<\/li>\n<li>Rutschfester Griff f\u00fcr sicheres Schneiden<\/li>\n<li>Selbstverriegelnder Klingenschlitten &#8211; leichtes Aus- und Einschieben der Klingen, sicheres Blockieren der Klinge bei Gebrauch<\/li>\n<li>Mit Befestigungsclip<\/li>\n<\/ul>\n","protected":false},"excerpt":{"rendered":"<p>Robuster Korpus aus druckgegossenem Aluminium mit rostfreiem Klingenlauf aus Stahl Schmales Design f\u00fcr optimale Kontrolle, pr\u00e4zises Schneiden und leichte Aufbewahrung Rutschfester Griff f\u00fcr sicheres Schneiden Selbstverriegelnder Klingenschlitten &#8211; leichtes Aus- und Einschieben der Klingen, sicheres Blockieren der Klinge bei Gebrauch Mit Befestigungsclip<\/p>\n","protected":false},"featured_media":1163,"template":"","meta":[],"product_brand":[],"product_cat":[229],"product_tag":[],"class_list":{"0":"post-1165","1":"product","2":"type-product","3":"status-publish","4":"has-post-thumbnail","6":"product_cat-cuttermesser-25-mm","8":"first","9":"instock","10":"shipping-taxable","11":"purchasable","12":"product-type-simple"},"aioseo_notices":[],"_links":{"self":[{"href":"https:\/\/apollo-herkenrath.de\/de\/wp-json\/wp\/v2\/product\/1165","targetHints":{"allow":["GET"]}}],"collection":[{"href":"https:\/\/apollo-herkenrath.de\/de\/wp-json\/wp\/v2\/product"}],"about":[{"href":"https:\/\/apollo-herkenrath.de\/de\/wp-json\/wp\/v2\/types\/product"}],"wp:featuredmedia":[{"embeddable":true,"href":"https:\/\/apollo-herkenrath.de\/de\/wp-json\/wp\/v2\/media\/1163"}],"wp:attachment":[{"href":"https:\/\/apollo-herkenrath.de\/de\/wp-json\/wp\/v2\/media?parent=1165"}],"wp:term":[{"taxonomy":"product_brand","embeddable":true,"href":"https:\/\/apollo-herkenrath.de\/de\/wp-json\/wp\/v2\/product_brand?post=1165"},{"taxonomy":"product_cat","embeddable":true,"href":"https:\/\/apollo-herkenrath.de\/de\/wp-json\/wp\/v2\/product_cat?post=1165"},{"taxonomy":"product_tag","embeddable":true,"href":"https:\/\/apollo-herkenrath.de\/de\/wp-json\/wp\/v2\/product_tag?post=1165"}],"curies":[{"name":"wp","href":"https:\/\/api.w.org\/{rel}","templated":true}]}}