{"id":1124,"date":"2018-10-09T10:51:00","date_gmt":"2018-10-09T08:51:00","guid":{"rendered":"https:\/\/dev.dernst.net\/?post_type=product&#038;p=1124"},"modified":"2026-03-14T14:35:20","modified_gmt":"2026-03-14T13:35:20","slug":"bastlermesser-helios","status":"publish","type":"product","link":"https:\/\/apollo-herkenrath.de\/de\/produkt\/bastlermesser-helios\/","title":{"rendered":"Bastlermesser Helios"},"content":{"rendered":"<ul>\n<li>Gro\u00dfes Bastlermesser aus Zinkdruckguss<\/li>\n<li>best\u00fcckt mit 3 Bastlermesserklingen Nr. 12-030-042<\/li>\n<li>auf Anfrage auch mit einem Klingentyp lieferbar<\/li>\n<li>Klingenwechsel ohne Werkzeug mittels R\u00e4ndelschraube<\/li>\n<li>F\u00fcr Rechts- und Linksh\u00e4nder geeignet<\/li>\n<\/ul>\n","protected":false},"excerpt":{"rendered":"<p>Gro\u00dfes Bastlermesser aus Zinkdruckguss best\u00fcckt mit 3 Bastlermesserklingen Nr. 12-030-042 auf Anfrage auch mit einem Klingentyp lieferbar Klingenwechsel ohne Werkzeug mittels R\u00e4ndelschraube F\u00fcr Rechts- und Linksh\u00e4nder geeignet<\/p>\n","protected":false},"featured_media":1125,"template":"","meta":[],"product_brand":[],"product_cat":[222,219],"product_tag":[],"class_list":{"0":"post-1124","1":"product","2":"type-product","3":"status-publish","4":"has-post-thumbnail","6":"product_cat-messer-mit-feststehender-klinge","7":"product_cat-messer-zum-entgraten","9":"first","10":"instock","11":"shipping-taxable","12":"purchasable","13":"product-type-simple"},"aioseo_notices":[],"_links":{"self":[{"href":"https:\/\/apollo-herkenrath.de\/de\/wp-json\/wp\/v2\/product\/1124","targetHints":{"allow":["GET"]}}],"collection":[{"href":"https:\/\/apollo-herkenrath.de\/de\/wp-json\/wp\/v2\/product"}],"about":[{"href":"https:\/\/apollo-herkenrath.de\/de\/wp-json\/wp\/v2\/types\/product"}],"wp:featuredmedia":[{"embeddable":true,"href":"https:\/\/apollo-herkenrath.de\/de\/wp-json\/wp\/v2\/media\/1125"}],"wp:attachment":[{"href":"https:\/\/apollo-herkenrath.de\/de\/wp-json\/wp\/v2\/media?parent=1124"}],"wp:term":[{"taxonomy":"product_brand","embeddable":true,"href":"https:\/\/apollo-herkenrath.de\/de\/wp-json\/wp\/v2\/product_brand?post=1124"},{"taxonomy":"product_cat","embeddable":true,"href":"https:\/\/apollo-herkenrath.de\/de\/wp-json\/wp\/v2\/product_cat?post=1124"},{"taxonomy":"product_tag","embeddable":true,"href":"https:\/\/apollo-herkenrath.de\/de\/wp-json\/wp\/v2\/product_tag?post=1124"}],"curies":[{"name":"wp","href":"https:\/\/api.w.org\/{rel}","templated":true}]}}